{"id":20262,"date":"2021-05-11T15:26:22","date_gmt":"2021-05-11T23:26:22","guid":{"rendered":"https:\/\/www.makeafuture.ca\/regions-de-la-colombie-britannique\/kaska-dene-tahltan-tagish-inland-tlingit-tsekene\/"},"modified":"2022-03-17T21:30:20","modified_gmt":"2022-03-18T05:30:20","slug":"kaska-dene-tahltan-tagish-inland-tlingit-tsekene","status":"publish","type":"page","link":"https:\/\/makeafuture-fr-dev.majortom.dev\/fr\/enseigner-en-francais-en-c-b\/trouver-un-emploi\/kaska-dene-tahltan-tagish-inland-tlingit-tsekene\/","title":{"rendered":"Kaska \/ Dene \/ Tahltan \/ Tagish \/ Inland Tlingit \/ Tsek\u2019ene"},"content":{"rendered":"<h2>Aper\u00e7u de la r\u00e9gion<\/h2>\n<p>La plus au nord de l&rsquo;Association des \u00e9coles des Premi\u00e8res nations, cette r\u00e9gion abrite plusieurs \u00e9coles rurales des Premi\u00e8res nations qui offrent une programmation intime et culturellement riche. Les centres r\u00e9gionaux comme Fort St. John, Fort Nelson et Fort Ware, et bien s\u00fbr la ville de Prince George, offrent des commodit\u00e9s urbaines, tandis que les nombreux petits villages et villes, comme Iskut dans la r\u00e9gion de Stikine et Moberly Lake le long de la route 29 de la Colombie-Britannique, permettent d&rsquo;\u00e9chapper \u00e0 la vie des grandes villes et de revenir \u00e0 la nature.<\/p>\n<p>La r\u00e9gion de Kaska \/ Dene \/ Tahltan \/ Tagish \/ Inland Tlingit \/ Tsek&rsquo;ene compte sept groupes de Premi\u00e8res nations : la Premi\u00e8re nation Blueberry River, la Premi\u00e8re nation Fort Nelson, la nation Kwadacha, la Premi\u00e8re nation Iskut, la Premi\u00e8re nation Saulteau, la bande Tsay Kay Dene et la Premi\u00e8re nation Prophet River.<\/p>\n","protected":false},"excerpt":{"rendered":"<p>Aper\u00e7u de la r\u00e9gion La plus au nord de l&rsquo;Association des \u00e9coles des Premi\u00e8res nations, cette r\u00e9gion abrite plusieurs \u00e9coles rurales des Premi\u00e8res nations qui offrent une programmation intime et culturellement riche. Les centres r\u00e9gionaux comme Fort St. John, Fort Nelson et Fort Ware, et bien s\u00fbr la ville de Prince George, offrent des commodit\u00e9s [&hellip;]<\/p>\n","protected":false},"author":4,"featured_media":18338,"parent":20170,"menu_order":14,"comment_status":"closed","ping_status":"closed","template":"templates\/template-region-detail.php","meta":{"_acf_changed":false,"footnotes":""},"class_list":["post-20262","page","type-page","status-publish","has-post-thumbnail","hentry"],"acf":[],"yoast_head":"<!-- This site is optimized with the Yoast SEO plugin v26.3 - https:\/\/yoast.com\/wordpress\/plugins\/seo\/ -->\n<title>Kaska \/ Dene \/ Tahltan \/ Tagish \/ Inland Tlingit \/ Tsek\u2019ene - Make A Future<\/title>\n<meta name=\"robots\" content=\"noindex, follow, max-snippet:-1, max-image-preview:large, max-video-preview:-1\" \/>\n<meta property=\"og:locale\" content=\"fr_FR\" \/>\n<meta property=\"og:type\" content=\"article\" \/>\n<meta property=\"og:title\" content=\"Kaska \/ Dene \/ Tahltan \/ Tagish \/ Inland Tlingit \/ Tsek\u2019ene - Make A Future\" \/>\n<meta property=\"og:description\" content=\"Aper\u00e7u de la r\u00e9gion La plus au nord de l&rsquo;Association des \u00e9coles des Premi\u00e8res nations, cette r\u00e9gion abrite plusieurs \u00e9coles rurales des Premi\u00e8res nations qui offrent une programmation intime et culturellement riche. Les centres r\u00e9gionaux comme Fort St. John, Fort Nelson et Fort Ware, et bien s\u00fbr la ville de Prince George, offrent des commodit\u00e9s [&hellip;]\" \/>\n<meta property=\"og:url\" content=\"https:\/\/makeafuture-fr-dev.majortom.dev\/fr\/enseigner-en-francais-en-c-b\/trouver-un-emploi\/kaska-dene-tahltan-tagish-inland-tlingit-tsekene\/\" \/>\n<meta property=\"og:site_name\" content=\"Make A Future\" \/>\n<meta property=\"article:publisher\" content=\"https:\/\/www.facebook.com\/MakeAFuture\/\" \/>\n<meta property=\"article:modified_time\" content=\"2022-03-18T05:30:20+00:00\" \/>\n<meta property=\"og:image\" content=\"https:\/\/makeafuture-fr-dev.majortom.dev\/wp-content\/uploads\/2021\/08\/FN6-Kaska_Dene_Tahltan_Tagish_Inland_Tlingit_Tsekene-Fort-Nelson-large.jpg\" \/>\n\t<meta property=\"og:image:width\" content=\"800\" \/>\n\t<meta property=\"og:image:height\" content=\"600\" \/>\n\t<meta property=\"og:image:type\" content=\"image\/jpeg\" \/>\n<meta name=\"twitter:card\" content=\"summary_large_image\" \/>\n<meta name=\"twitter:site\" content=\"@makeafuture\" \/>\n<meta name=\"twitter:label1\" content=\"Dur\u00e9e de lecture estim\u00e9e\" \/>\n\t<meta name=\"twitter:data1\" content=\"1 minute\" \/>\n<script type=\"application\/ld+json\" class=\"yoast-schema-graph\">{\"@context\":\"https:\/\/schema.org\",\"@graph\":[{\"@type\":\"WebPage\",\"@id\":\"https:\/\/makeafuture-fr-dev.majortom.dev\/fr\/enseigner-en-francais-en-c-b\/trouver-un-emploi\/kaska-dene-tahltan-tagish-inland-tlingit-tsekene\/\",\"url\":\"https:\/\/makeafuture-fr-dev.majortom.dev\/fr\/enseigner-en-francais-en-c-b\/trouver-un-emploi\/kaska-dene-tahltan-tagish-inland-tlingit-tsekene\/\",\"name\":\"Kaska \/ Dene \/ Tahltan \/ Tagish \/ Inland Tlingit \/ Tsek\u2019ene - Make A Future\",\"isPartOf\":{\"@id\":\"https:\/\/makeafuture-fr-dev.majortom.dev\/#website\"},\"primaryImageOfPage\":{\"@id\":\"https:\/\/makeafuture-fr-dev.majortom.dev\/fr\/enseigner-en-francais-en-c-b\/trouver-un-emploi\/kaska-dene-tahltan-tagish-inland-tlingit-tsekene\/#primaryimage\"},\"image\":{\"@id\":\"https:\/\/makeafuture-fr-dev.majortom.dev\/fr\/enseigner-en-francais-en-c-b\/trouver-un-emploi\/kaska-dene-tahltan-tagish-inland-tlingit-tsekene\/#primaryimage\"},\"thumbnailUrl\":\"https:\/\/makeafuture-fr-dev.majortom.dev\/wp-content\/uploads\/2021\/08\/FN6-Kaska_Dene_Tahltan_Tagish_Inland_Tlingit_Tsekene-Fort-Nelson-large.jpg\",\"datePublished\":\"2021-05-11T23:26:22+00:00\",\"dateModified\":\"2022-03-18T05:30:20+00:00\",\"breadcrumb\":{\"@id\":\"https:\/\/makeafuture-fr-dev.majortom.dev\/fr\/enseigner-en-francais-en-c-b\/trouver-un-emploi\/kaska-dene-tahltan-tagish-inland-tlingit-tsekene\/#breadcrumb\"},\"inLanguage\":\"fr-FR\",\"potentialAction\":[{\"@type\":\"ReadAction\",\"target\":[\"https:\/\/makeafuture-fr-dev.majortom.dev\/fr\/enseigner-en-francais-en-c-b\/trouver-un-emploi\/kaska-dene-tahltan-tagish-inland-tlingit-tsekene\/\"]}]},{\"@type\":\"ImageObject\",\"inLanguage\":\"fr-FR\",\"@id\":\"https:\/\/makeafuture-fr-dev.majortom.dev\/fr\/enseigner-en-francais-en-c-b\/trouver-un-emploi\/kaska-dene-tahltan-tagish-inland-tlingit-tsekene\/#primaryimage\",\"url\":\"https:\/\/makeafuture-fr-dev.majortom.dev\/wp-content\/uploads\/2021\/08\/FN6-Kaska_Dene_Tahltan_Tagish_Inland_Tlingit_Tsekene-Fort-Nelson-large.jpg\",\"contentUrl\":\"https:\/\/makeafuture-fr-dev.majortom.dev\/wp-content\/uploads\/2021\/08\/FN6-Kaska_Dene_Tahltan_Tagish_Inland_Tlingit_Tsekene-Fort-Nelson-large.jpg\",\"width\":800,\"height\":600},{\"@type\":\"BreadcrumbList\",\"@id\":\"https:\/\/makeafuture-fr-dev.majortom.dev\/fr\/enseigner-en-francais-en-c-b\/trouver-un-emploi\/kaska-dene-tahltan-tagish-inland-tlingit-tsekene\/#breadcrumb\",\"itemListElement\":[{\"@type\":\"ListItem\",\"position\":1,\"name\":\"Page d'accueil\",\"item\":\"https:\/\/makeafuture-fr-dev.majortom.dev\/fr\/\"},{\"@type\":\"ListItem\",\"position\":2,\"name\":\"Enseigner en francais en C.-B.\",\"item\":\"https:\/\/makeafuture-fr-dev.majortom.dev\/fr\/enseigner-en-francais-en-c-b\/\"},{\"@type\":\"ListItem\",\"position\":3,\"name\":\"Trouver un emploi\",\"item\":\"https:\/\/makeafuture-fr-dev.majortom.dev\/fr\/enseigner-en-francais-en-c-b\/trouver-un-emploi\/\"},{\"@type\":\"ListItem\",\"position\":4,\"name\":\"Kaska \/ Dene \/ Tahltan \/ Tagish \/ Inland Tlingit \/ Tsek\u2019ene\"}]},{\"@type\":\"WebSite\",\"@id\":\"https:\/\/makeafuture-fr-dev.majortom.dev\/#website\",\"url\":\"https:\/\/makeafuture-fr-dev.majortom.dev\/\",\"name\":\"Make A Future\",\"description\":\"Careers In BC Education\",\"publisher\":{\"@id\":\"https:\/\/makeafuture-fr-dev.majortom.dev\/#organization\"},\"potentialAction\":[{\"@type\":\"SearchAction\",\"target\":{\"@type\":\"EntryPoint\",\"urlTemplate\":\"https:\/\/makeafuture-fr-dev.majortom.dev\/?s={search_term_string}\"},\"query-input\":{\"@type\":\"PropertyValueSpecification\",\"valueRequired\":true,\"valueName\":\"search_term_string\"}}],\"inLanguage\":\"fr-FR\"},{\"@type\":\"Organization\",\"@id\":\"https:\/\/makeafuture-fr-dev.majortom.dev\/#organization\",\"name\":\"Make a Future - Careers in BC Education\",\"url\":\"https:\/\/makeafuture-fr-dev.majortom.dev\/\",\"logo\":{\"@type\":\"ImageObject\",\"inLanguage\":\"fr-FR\",\"@id\":\"https:\/\/makeafuture-fr-dev.majortom.dev\/#\/schema\/logo\/image\/\",\"url\":\"https:\/\/makeafuture-fr-dev.majortom.dev\/wp-content\/uploads\/2015\/10\/MAF_logo_3col_vert_RGB_web.jpg\",\"contentUrl\":\"https:\/\/makeafuture-fr-dev.majortom.dev\/wp-content\/uploads\/2015\/10\/MAF_logo_3col_vert_RGB_web.jpg\",\"width\":200,\"height\":112,\"caption\":\"Make a Future - Careers in BC Education\"},\"image\":{\"@id\":\"https:\/\/makeafuture-fr-dev.majortom.dev\/#\/schema\/logo\/image\/\"},\"sameAs\":[\"https:\/\/www.facebook.com\/MakeAFuture\/\",\"https:\/\/x.com\/makeafuture\",\"https:\/\/www.linkedin.com\/company\/make-a-future---careers-in-bc-education\"]}]}<\/script>\n<!-- \/ Yoast SEO plugin. -->","yoast_head_json":{"title":"Kaska \/ Dene \/ Tahltan \/ Tagish \/ Inland Tlingit \/ Tsek\u2019ene - Make A Future","robots":{"index":"noindex","follow":"follow","max-snippet":"max-snippet:-1","max-image-preview":"max-image-preview:large","max-video-preview":"max-video-preview:-1"},"og_locale":"fr_FR","og_type":"article","og_title":"Kaska \/ Dene \/ Tahltan \/ Tagish \/ Inland Tlingit \/ Tsek\u2019ene - Make A Future","og_description":"Aper\u00e7u de la r\u00e9gion La plus au nord de l&rsquo;Association des \u00e9coles des Premi\u00e8res nations, cette r\u00e9gion abrite plusieurs \u00e9coles rurales des Premi\u00e8res nations qui offrent une programmation intime et culturellement riche. Les centres r\u00e9gionaux comme Fort St. John, Fort Nelson et Fort Ware, et bien s\u00fbr la ville de Prince George, offrent des commodit\u00e9s [&hellip;]","og_url":"https:\/\/makeafuture-fr-dev.majortom.dev\/fr\/enseigner-en-francais-en-c-b\/trouver-un-emploi\/kaska-dene-tahltan-tagish-inland-tlingit-tsekene\/","og_site_name":"Make A Future","article_publisher":"https:\/\/www.facebook.com\/MakeAFuture\/","article_modified_time":"2022-03-18T05:30:20+00:00","og_image":[{"width":800,"height":600,"url":"https:\/\/makeafuture-fr-dev.majortom.dev\/wp-content\/uploads\/2021\/08\/FN6-Kaska_Dene_Tahltan_Tagish_Inland_Tlingit_Tsekene-Fort-Nelson-large.jpg","type":"image\/jpeg"}],"twitter_card":"summary_large_image","twitter_site":"@makeafuture","twitter_misc":{"Dur\u00e9e de lecture estim\u00e9e":"1 minute"},"schema":{"@context":"https:\/\/schema.org","@graph":[{"@type":"WebPage","@id":"https:\/\/makeafuture-fr-dev.majortom.dev\/fr\/enseigner-en-francais-en-c-b\/trouver-un-emploi\/kaska-dene-tahltan-tagish-inland-tlingit-tsekene\/","url":"https:\/\/makeafuture-fr-dev.majortom.dev\/fr\/enseigner-en-francais-en-c-b\/trouver-un-emploi\/kaska-dene-tahltan-tagish-inland-tlingit-tsekene\/","name":"Kaska \/ Dene \/ Tahltan \/ Tagish \/ Inland Tlingit \/ Tsek\u2019ene - Make A Future","isPartOf":{"@id":"https:\/\/makeafuture-fr-dev.majortom.dev\/#website"},"primaryImageOfPage":{"@id":"https:\/\/makeafuture-fr-dev.majortom.dev\/fr\/enseigner-en-francais-en-c-b\/trouver-un-emploi\/kaska-dene-tahltan-tagish-inland-tlingit-tsekene\/#primaryimage"},"image":{"@id":"https:\/\/makeafuture-fr-dev.majortom.dev\/fr\/enseigner-en-francais-en-c-b\/trouver-un-emploi\/kaska-dene-tahltan-tagish-inland-tlingit-tsekene\/#primaryimage"},"thumbnailUrl":"https:\/\/makeafuture-fr-dev.majortom.dev\/wp-content\/uploads\/2021\/08\/FN6-Kaska_Dene_Tahltan_Tagish_Inland_Tlingit_Tsekene-Fort-Nelson-large.jpg","datePublished":"2021-05-11T23:26:22+00:00","dateModified":"2022-03-18T05:30:20+00:00","breadcrumb":{"@id":"https:\/\/makeafuture-fr-dev.majortom.dev\/fr\/enseigner-en-francais-en-c-b\/trouver-un-emploi\/kaska-dene-tahltan-tagish-inland-tlingit-tsekene\/#breadcrumb"},"inLanguage":"fr-FR","potentialAction":[{"@type":"ReadAction","target":["https:\/\/makeafuture-fr-dev.majortom.dev\/fr\/enseigner-en-francais-en-c-b\/trouver-un-emploi\/kaska-dene-tahltan-tagish-inland-tlingit-tsekene\/"]}]},{"@type":"ImageObject","inLanguage":"fr-FR","@id":"https:\/\/makeafuture-fr-dev.majortom.dev\/fr\/enseigner-en-francais-en-c-b\/trouver-un-emploi\/kaska-dene-tahltan-tagish-inland-tlingit-tsekene\/#primaryimage","url":"https:\/\/makeafuture-fr-dev.majortom.dev\/wp-content\/uploads\/2021\/08\/FN6-Kaska_Dene_Tahltan_Tagish_Inland_Tlingit_Tsekene-Fort-Nelson-large.jpg","contentUrl":"https:\/\/makeafuture-fr-dev.majortom.dev\/wp-content\/uploads\/2021\/08\/FN6-Kaska_Dene_Tahltan_Tagish_Inland_Tlingit_Tsekene-Fort-Nelson-large.jpg","width":800,"height":600},{"@type":"BreadcrumbList","@id":"https:\/\/makeafuture-fr-dev.majortom.dev\/fr\/enseigner-en-francais-en-c-b\/trouver-un-emploi\/kaska-dene-tahltan-tagish-inland-tlingit-tsekene\/#breadcrumb","itemListElement":[{"@type":"ListItem","position":1,"name":"Page d'accueil","item":"https:\/\/makeafuture-fr-dev.majortom.dev\/fr\/"},{"@type":"ListItem","position":2,"name":"Enseigner en francais en C.-B.","item":"https:\/\/makeafuture-fr-dev.majortom.dev\/fr\/enseigner-en-francais-en-c-b\/"},{"@type":"ListItem","position":3,"name":"Trouver un emploi","item":"https:\/\/makeafuture-fr-dev.majortom.dev\/fr\/enseigner-en-francais-en-c-b\/trouver-un-emploi\/"},{"@type":"ListItem","position":4,"name":"Kaska \/ Dene \/ Tahltan \/ Tagish \/ Inland Tlingit \/ Tsek\u2019ene"}]},{"@type":"WebSite","@id":"https:\/\/makeafuture-fr-dev.majortom.dev\/#website","url":"https:\/\/makeafuture-fr-dev.majortom.dev\/","name":"Make A Future","description":"Careers In BC Education","publisher":{"@id":"https:\/\/makeafuture-fr-dev.majortom.dev\/#organization"},"potentialAction":[{"@type":"SearchAction","target":{"@type":"EntryPoint","urlTemplate":"https:\/\/makeafuture-fr-dev.majortom.dev\/?s={search_term_string}"},"query-input":{"@type":"PropertyValueSpecification","valueRequired":true,"valueName":"search_term_string"}}],"inLanguage":"fr-FR"},{"@type":"Organization","@id":"https:\/\/makeafuture-fr-dev.majortom.dev\/#organization","name":"Make a Future - Careers in BC Education","url":"https:\/\/makeafuture-fr-dev.majortom.dev\/","logo":{"@type":"ImageObject","inLanguage":"fr-FR","@id":"https:\/\/makeafuture-fr-dev.majortom.dev\/#\/schema\/logo\/image\/","url":"https:\/\/makeafuture-fr-dev.majortom.dev\/wp-content\/uploads\/2015\/10\/MAF_logo_3col_vert_RGB_web.jpg","contentUrl":"https:\/\/makeafuture-fr-dev.majortom.dev\/wp-content\/uploads\/2015\/10\/MAF_logo_3col_vert_RGB_web.jpg","width":200,"height":112,"caption":"Make a Future - Careers in BC Education"},"image":{"@id":"https:\/\/makeafuture-fr-dev.majortom.dev\/#\/schema\/logo\/image\/"},"sameAs":["https:\/\/www.facebook.com\/MakeAFuture\/","https:\/\/x.com\/makeafuture","https:\/\/www.linkedin.com\/company\/make-a-future---careers-in-bc-education"]}]}},"_links":{"self":[{"href":"https:\/\/makeafuture-fr-dev.majortom.dev\/fr\/wp-json\/wp\/v2\/pages\/20262","targetHints":{"allow":["GET"]}}],"collection":[{"href":"https:\/\/makeafuture-fr-dev.majortom.dev\/fr\/wp-json\/wp\/v2\/pages"}],"about":[{"href":"https:\/\/makeafuture-fr-dev.majortom.dev\/fr\/wp-json\/wp\/v2\/types\/page"}],"author":[{"embeddable":true,"href":"https:\/\/makeafuture-fr-dev.majortom.dev\/fr\/wp-json\/wp\/v2\/users\/4"}],"replies":[{"embeddable":true,"href":"https:\/\/makeafuture-fr-dev.majortom.dev\/fr\/wp-json\/wp\/v2\/comments?post=20262"}],"version-history":[{"count":2,"href":"https:\/\/makeafuture-fr-dev.majortom.dev\/fr\/wp-json\/wp\/v2\/pages\/20262\/revisions"}],"predecessor-version":[{"id":20264,"href":"https:\/\/makeafuture-fr-dev.majortom.dev\/fr\/wp-json\/wp\/v2\/pages\/20262\/revisions\/20264"}],"up":[{"embeddable":true,"href":"https:\/\/makeafuture-fr-dev.majortom.dev\/fr\/wp-json\/wp\/v2\/pages\/20170"}],"wp:featuredmedia":[{"embeddable":true,"href":"https:\/\/makeafuture-fr-dev.majortom.dev\/fr\/wp-json\/wp\/v2\/media\/18338"}],"wp:attachment":[{"href":"https:\/\/makeafuture-fr-dev.majortom.dev\/fr\/wp-json\/wp\/v2\/media?parent=20262"}],"curies":[{"name":"wp","href":"https:\/\/api.w.org\/{rel}","templated":true}]}}