{"id":20250,"date":"2021-05-11T15:26:17","date_gmt":"2021-05-11T23:26:17","guid":{"rendered":"https:\/\/www.makeafuture.ca\/regions-de-la-colombie-britannique\/gitksan-wetsuweten\/"},"modified":"2022-03-17T21:10:08","modified_gmt":"2022-03-18T05:10:08","slug":"gitksan-wetsuweten","status":"publish","type":"page","link":"https:\/\/makeafuture-fr-dev.majortom.dev\/fr\/enseigner-en-francais-en-c-b\/trouver-un-emploi\/gitksan-wetsuweten\/","title":{"rendered":"Gitksan \/ Wet\u2019suwet\u2019en"},"content":{"rendered":"<h2>Aper\u00e7u de la r\u00e9gion<\/h2>\n<p>Six groupes de Premi\u00e8res Nations g\u00e8rent neuf \u00e9coles dans la r\u00e9gion Gitksan \/ Wet&rsquo;suwet&rsquo;en. La r\u00e9gion englobe les communaut\u00e9s de Hazelton, Gitanyow, South Hazelton, Kitwanga, Kitwanga, Kispiox, et Moricetown. Les \u00e9coles de cette r\u00e9gion des Premi\u00e8res nations abritent de nombreuses communaut\u00e9s et une abondante beaut\u00e9 naturelle.<\/p>\n","protected":false},"excerpt":{"rendered":"<p>Aper\u00e7u de la r\u00e9gion Six groupes de Premi\u00e8res Nations g\u00e8rent neuf \u00e9coles dans la r\u00e9gion Gitksan \/ Wet&rsquo;suwet&rsquo;en. La r\u00e9gion englobe les communaut\u00e9s de Hazelton, Gitanyow, South Hazelton, Kitwanga, Kitwanga, Kispiox, et Moricetown. Les \u00e9coles de cette r\u00e9gion des Premi\u00e8res nations abritent de nombreuses communaut\u00e9s et une abondante beaut\u00e9 naturelle.<\/p>\n","protected":false},"author":4,"featured_media":17232,"parent":20170,"menu_order":11,"comment_status":"closed","ping_status":"closed","template":"templates\/template-region-detail.php","meta":{"_acf_changed":false,"footnotes":""},"class_list":["post-20250","page","type-page","status-publish","has-post-thumbnail","hentry"],"acf":[],"yoast_head":"<!-- This site is optimized with the Yoast SEO plugin v26.3 - https:\/\/yoast.com\/wordpress\/plugins\/seo\/ -->\n<title>Gitksan \/ Wet\u2019suwet\u2019en - Make A Future<\/title>\n<meta name=\"robots\" content=\"noindex, follow, max-snippet:-1, max-image-preview:large, max-video-preview:-1\" \/>\n<meta property=\"og:locale\" content=\"fr_FR\" \/>\n<meta property=\"og:type\" content=\"article\" \/>\n<meta property=\"og:title\" content=\"Gitksan \/ Wet\u2019suwet\u2019en - Make A Future\" \/>\n<meta property=\"og:description\" content=\"Aper\u00e7u de la r\u00e9gion Six groupes de Premi\u00e8res Nations g\u00e8rent neuf \u00e9coles dans la r\u00e9gion Gitksan \/ Wet&rsquo;suwet&rsquo;en. La r\u00e9gion englobe les communaut\u00e9s de Hazelton, Gitanyow, South Hazelton, Kitwanga, Kitwanga, Kispiox, et Moricetown. Les \u00e9coles de cette r\u00e9gion des Premi\u00e8res nations abritent de nombreuses communaut\u00e9s et une abondante beaut\u00e9 naturelle.\" \/>\n<meta property=\"og:url\" content=\"https:\/\/makeafuture-fr-dev.majortom.dev\/fr\/enseigner-en-francais-en-c-b\/trouver-un-emploi\/gitksan-wetsuweten\/\" \/>\n<meta property=\"og:site_name\" content=\"Make A Future\" \/>\n<meta property=\"article:publisher\" content=\"https:\/\/www.facebook.com\/MakeAFuture\/\" \/>\n<meta property=\"article:modified_time\" content=\"2022-03-18T05:10:08+00:00\" \/>\n<meta property=\"og:image\" content=\"https:\/\/makeafuture-fr-dev.majortom.dev\/wp-content\/uploads\/2021\/08\/FN3-Gitksan_Wetsueweten-Snowboarding.jpg\" \/>\n\t<meta property=\"og:image:width\" content=\"720\" \/>\n\t<meta property=\"og:image:height\" content=\"560\" \/>\n\t<meta property=\"og:image:type\" content=\"image\/jpeg\" \/>\n<meta name=\"twitter:card\" content=\"summary_large_image\" \/>\n<meta name=\"twitter:site\" content=\"@makeafuture\" \/>\n<script type=\"application\/ld+json\" class=\"yoast-schema-graph\">{\"@context\":\"https:\/\/schema.org\",\"@graph\":[{\"@type\":\"WebPage\",\"@id\":\"https:\/\/makeafuture-fr-dev.majortom.dev\/fr\/enseigner-en-francais-en-c-b\/trouver-un-emploi\/gitksan-wetsuweten\/\",\"url\":\"https:\/\/makeafuture-fr-dev.majortom.dev\/fr\/enseigner-en-francais-en-c-b\/trouver-un-emploi\/gitksan-wetsuweten\/\",\"name\":\"Gitksan \/ Wet\u2019suwet\u2019en - Make A Future\",\"isPartOf\":{\"@id\":\"https:\/\/makeafuture-fr-dev.majortom.dev\/#website\"},\"primaryImageOfPage\":{\"@id\":\"https:\/\/makeafuture-fr-dev.majortom.dev\/fr\/enseigner-en-francais-en-c-b\/trouver-un-emploi\/gitksan-wetsuweten\/#primaryimage\"},\"image\":{\"@id\":\"https:\/\/makeafuture-fr-dev.majortom.dev\/fr\/enseigner-en-francais-en-c-b\/trouver-un-emploi\/gitksan-wetsuweten\/#primaryimage\"},\"thumbnailUrl\":\"https:\/\/makeafuture-fr-dev.majortom.dev\/wp-content\/uploads\/2021\/08\/FN3-Gitksan_Wetsueweten-Snowboarding.jpg\",\"datePublished\":\"2021-05-11T23:26:17+00:00\",\"dateModified\":\"2022-03-18T05:10:08+00:00\",\"breadcrumb\":{\"@id\":\"https:\/\/makeafuture-fr-dev.majortom.dev\/fr\/enseigner-en-francais-en-c-b\/trouver-un-emploi\/gitksan-wetsuweten\/#breadcrumb\"},\"inLanguage\":\"fr-FR\",\"potentialAction\":[{\"@type\":\"ReadAction\",\"target\":[\"https:\/\/makeafuture-fr-dev.majortom.dev\/fr\/enseigner-en-francais-en-c-b\/trouver-un-emploi\/gitksan-wetsuweten\/\"]}]},{\"@type\":\"ImageObject\",\"inLanguage\":\"fr-FR\",\"@id\":\"https:\/\/makeafuture-fr-dev.majortom.dev\/fr\/enseigner-en-francais-en-c-b\/trouver-un-emploi\/gitksan-wetsuweten\/#primaryimage\",\"url\":\"https:\/\/makeafuture-fr-dev.majortom.dev\/wp-content\/uploads\/2021\/08\/FN3-Gitksan_Wetsueweten-Snowboarding.jpg\",\"contentUrl\":\"https:\/\/makeafuture-fr-dev.majortom.dev\/wp-content\/uploads\/2021\/08\/FN3-Gitksan_Wetsueweten-Snowboarding.jpg\",\"width\":720,\"height\":560},{\"@type\":\"BreadcrumbList\",\"@id\":\"https:\/\/makeafuture-fr-dev.majortom.dev\/fr\/enseigner-en-francais-en-c-b\/trouver-un-emploi\/gitksan-wetsuweten\/#breadcrumb\",\"itemListElement\":[{\"@type\":\"ListItem\",\"position\":1,\"name\":\"Page d'accueil\",\"item\":\"https:\/\/makeafuture-fr-dev.majortom.dev\/fr\/\"},{\"@type\":\"ListItem\",\"position\":2,\"name\":\"Enseigner en francais en C.-B.\",\"item\":\"https:\/\/makeafuture-fr-dev.majortom.dev\/fr\/enseigner-en-francais-en-c-b\/\"},{\"@type\":\"ListItem\",\"position\":3,\"name\":\"Trouver un emploi\",\"item\":\"https:\/\/makeafuture-fr-dev.majortom.dev\/fr\/enseigner-en-francais-en-c-b\/trouver-un-emploi\/\"},{\"@type\":\"ListItem\",\"position\":4,\"name\":\"Gitksan \/ Wet\u2019suwet\u2019en\"}]},{\"@type\":\"WebSite\",\"@id\":\"https:\/\/makeafuture-fr-dev.majortom.dev\/#website\",\"url\":\"https:\/\/makeafuture-fr-dev.majortom.dev\/\",\"name\":\"Make A Future\",\"description\":\"Careers In BC Education\",\"publisher\":{\"@id\":\"https:\/\/makeafuture-fr-dev.majortom.dev\/#organization\"},\"potentialAction\":[{\"@type\":\"SearchAction\",\"target\":{\"@type\":\"EntryPoint\",\"urlTemplate\":\"https:\/\/makeafuture-fr-dev.majortom.dev\/?s={search_term_string}\"},\"query-input\":{\"@type\":\"PropertyValueSpecification\",\"valueRequired\":true,\"valueName\":\"search_term_string\"}}],\"inLanguage\":\"fr-FR\"},{\"@type\":\"Organization\",\"@id\":\"https:\/\/makeafuture-fr-dev.majortom.dev\/#organization\",\"name\":\"Make a Future - Careers in BC Education\",\"url\":\"https:\/\/makeafuture-fr-dev.majortom.dev\/\",\"logo\":{\"@type\":\"ImageObject\",\"inLanguage\":\"fr-FR\",\"@id\":\"https:\/\/makeafuture-fr-dev.majortom.dev\/#\/schema\/logo\/image\/\",\"url\":\"https:\/\/makeafuture-fr-dev.majortom.dev\/wp-content\/uploads\/2015\/10\/MAF_logo_3col_vert_RGB_web.jpg\",\"contentUrl\":\"https:\/\/makeafuture-fr-dev.majortom.dev\/wp-content\/uploads\/2015\/10\/MAF_logo_3col_vert_RGB_web.jpg\",\"width\":200,\"height\":112,\"caption\":\"Make a Future - Careers in BC Education\"},\"image\":{\"@id\":\"https:\/\/makeafuture-fr-dev.majortom.dev\/#\/schema\/logo\/image\/\"},\"sameAs\":[\"https:\/\/www.facebook.com\/MakeAFuture\/\",\"https:\/\/x.com\/makeafuture\",\"https:\/\/www.linkedin.com\/company\/make-a-future---careers-in-bc-education\"]}]}<\/script>\n<!-- \/ Yoast SEO plugin. -->","yoast_head_json":{"title":"Gitksan \/ Wet\u2019suwet\u2019en - Make A Future","robots":{"index":"noindex","follow":"follow","max-snippet":"max-snippet:-1","max-image-preview":"max-image-preview:large","max-video-preview":"max-video-preview:-1"},"og_locale":"fr_FR","og_type":"article","og_title":"Gitksan \/ Wet\u2019suwet\u2019en - Make A Future","og_description":"Aper\u00e7u de la r\u00e9gion Six groupes de Premi\u00e8res Nations g\u00e8rent neuf \u00e9coles dans la r\u00e9gion Gitksan \/ Wet&rsquo;suwet&rsquo;en. La r\u00e9gion englobe les communaut\u00e9s de Hazelton, Gitanyow, South Hazelton, Kitwanga, Kitwanga, Kispiox, et Moricetown. Les \u00e9coles de cette r\u00e9gion des Premi\u00e8res nations abritent de nombreuses communaut\u00e9s et une abondante beaut\u00e9 naturelle.","og_url":"https:\/\/makeafuture-fr-dev.majortom.dev\/fr\/enseigner-en-francais-en-c-b\/trouver-un-emploi\/gitksan-wetsuweten\/","og_site_name":"Make A Future","article_publisher":"https:\/\/www.facebook.com\/MakeAFuture\/","article_modified_time":"2022-03-18T05:10:08+00:00","og_image":[{"width":720,"height":560,"url":"https:\/\/makeafuture-fr-dev.majortom.dev\/wp-content\/uploads\/2021\/08\/FN3-Gitksan_Wetsueweten-Snowboarding.jpg","type":"image\/jpeg"}],"twitter_card":"summary_large_image","twitter_site":"@makeafuture","schema":{"@context":"https:\/\/schema.org","@graph":[{"@type":"WebPage","@id":"https:\/\/makeafuture-fr-dev.majortom.dev\/fr\/enseigner-en-francais-en-c-b\/trouver-un-emploi\/gitksan-wetsuweten\/","url":"https:\/\/makeafuture-fr-dev.majortom.dev\/fr\/enseigner-en-francais-en-c-b\/trouver-un-emploi\/gitksan-wetsuweten\/","name":"Gitksan \/ Wet\u2019suwet\u2019en - Make A Future","isPartOf":{"@id":"https:\/\/makeafuture-fr-dev.majortom.dev\/#website"},"primaryImageOfPage":{"@id":"https:\/\/makeafuture-fr-dev.majortom.dev\/fr\/enseigner-en-francais-en-c-b\/trouver-un-emploi\/gitksan-wetsuweten\/#primaryimage"},"image":{"@id":"https:\/\/makeafuture-fr-dev.majortom.dev\/fr\/enseigner-en-francais-en-c-b\/trouver-un-emploi\/gitksan-wetsuweten\/#primaryimage"},"thumbnailUrl":"https:\/\/makeafuture-fr-dev.majortom.dev\/wp-content\/uploads\/2021\/08\/FN3-Gitksan_Wetsueweten-Snowboarding.jpg","datePublished":"2021-05-11T23:26:17+00:00","dateModified":"2022-03-18T05:10:08+00:00","breadcrumb":{"@id":"https:\/\/makeafuture-fr-dev.majortom.dev\/fr\/enseigner-en-francais-en-c-b\/trouver-un-emploi\/gitksan-wetsuweten\/#breadcrumb"},"inLanguage":"fr-FR","potentialAction":[{"@type":"ReadAction","target":["https:\/\/makeafuture-fr-dev.majortom.dev\/fr\/enseigner-en-francais-en-c-b\/trouver-un-emploi\/gitksan-wetsuweten\/"]}]},{"@type":"ImageObject","inLanguage":"fr-FR","@id":"https:\/\/makeafuture-fr-dev.majortom.dev\/fr\/enseigner-en-francais-en-c-b\/trouver-un-emploi\/gitksan-wetsuweten\/#primaryimage","url":"https:\/\/makeafuture-fr-dev.majortom.dev\/wp-content\/uploads\/2021\/08\/FN3-Gitksan_Wetsueweten-Snowboarding.jpg","contentUrl":"https:\/\/makeafuture-fr-dev.majortom.dev\/wp-content\/uploads\/2021\/08\/FN3-Gitksan_Wetsueweten-Snowboarding.jpg","width":720,"height":560},{"@type":"BreadcrumbList","@id":"https:\/\/makeafuture-fr-dev.majortom.dev\/fr\/enseigner-en-francais-en-c-b\/trouver-un-emploi\/gitksan-wetsuweten\/#breadcrumb","itemListElement":[{"@type":"ListItem","position":1,"name":"Page d'accueil","item":"https:\/\/makeafuture-fr-dev.majortom.dev\/fr\/"},{"@type":"ListItem","position":2,"name":"Enseigner en francais en C.-B.","item":"https:\/\/makeafuture-fr-dev.majortom.dev\/fr\/enseigner-en-francais-en-c-b\/"},{"@type":"ListItem","position":3,"name":"Trouver un emploi","item":"https:\/\/makeafuture-fr-dev.majortom.dev\/fr\/enseigner-en-francais-en-c-b\/trouver-un-emploi\/"},{"@type":"ListItem","position":4,"name":"Gitksan \/ Wet\u2019suwet\u2019en"}]},{"@type":"WebSite","@id":"https:\/\/makeafuture-fr-dev.majortom.dev\/#website","url":"https:\/\/makeafuture-fr-dev.majortom.dev\/","name":"Make A Future","description":"Careers In BC Education","publisher":{"@id":"https:\/\/makeafuture-fr-dev.majortom.dev\/#organization"},"potentialAction":[{"@type":"SearchAction","target":{"@type":"EntryPoint","urlTemplate":"https:\/\/makeafuture-fr-dev.majortom.dev\/?s={search_term_string}"},"query-input":{"@type":"PropertyValueSpecification","valueRequired":true,"valueName":"search_term_string"}}],"inLanguage":"fr-FR"},{"@type":"Organization","@id":"https:\/\/makeafuture-fr-dev.majortom.dev\/#organization","name":"Make a Future - Careers in BC Education","url":"https:\/\/makeafuture-fr-dev.majortom.dev\/","logo":{"@type":"ImageObject","inLanguage":"fr-FR","@id":"https:\/\/makeafuture-fr-dev.majortom.dev\/#\/schema\/logo\/image\/","url":"https:\/\/makeafuture-fr-dev.majortom.dev\/wp-content\/uploads\/2015\/10\/MAF_logo_3col_vert_RGB_web.jpg","contentUrl":"https:\/\/makeafuture-fr-dev.majortom.dev\/wp-content\/uploads\/2015\/10\/MAF_logo_3col_vert_RGB_web.jpg","width":200,"height":112,"caption":"Make a Future - Careers in BC Education"},"image":{"@id":"https:\/\/makeafuture-fr-dev.majortom.dev\/#\/schema\/logo\/image\/"},"sameAs":["https:\/\/www.facebook.com\/MakeAFuture\/","https:\/\/x.com\/makeafuture","https:\/\/www.linkedin.com\/company\/make-a-future---careers-in-bc-education"]}]}},"_links":{"self":[{"href":"https:\/\/makeafuture-fr-dev.majortom.dev\/fr\/wp-json\/wp\/v2\/pages\/20250","targetHints":{"allow":["GET"]}}],"collection":[{"href":"https:\/\/makeafuture-fr-dev.majortom.dev\/fr\/wp-json\/wp\/v2\/pages"}],"about":[{"href":"https:\/\/makeafuture-fr-dev.majortom.dev\/fr\/wp-json\/wp\/v2\/types\/page"}],"author":[{"embeddable":true,"href":"https:\/\/makeafuture-fr-dev.majortom.dev\/fr\/wp-json\/wp\/v2\/users\/4"}],"replies":[{"embeddable":true,"href":"https:\/\/makeafuture-fr-dev.majortom.dev\/fr\/wp-json\/wp\/v2\/comments?post=20250"}],"version-history":[{"count":1,"href":"https:\/\/makeafuture-fr-dev.majortom.dev\/fr\/wp-json\/wp\/v2\/pages\/20250\/revisions"}],"predecessor-version":[{"id":20252,"href":"https:\/\/makeafuture-fr-dev.majortom.dev\/fr\/wp-json\/wp\/v2\/pages\/20250\/revisions\/20252"}],"up":[{"embeddable":true,"href":"https:\/\/makeafuture-fr-dev.majortom.dev\/fr\/wp-json\/wp\/v2\/pages\/20170"}],"wp:featuredmedia":[{"embeddable":true,"href":"https:\/\/makeafuture-fr-dev.majortom.dev\/fr\/wp-json\/wp\/v2\/media\/17232"}],"wp:attachment":[{"href":"https:\/\/makeafuture-fr-dev.majortom.dev\/fr\/wp-json\/wp\/v2\/media?parent=20250"}],"curies":[{"name":"wp","href":"https:\/\/api.w.org\/{rel}","templated":true}]}}