{"id":20215,"date":"2020-06-19T15:46:27","date_gmt":"2020-06-19T23:46:27","guid":{"rendered":"https:\/\/www.makeafuture.ca\/vancouver-island-sunshine-coast-overview\/"},"modified":"2022-03-15T15:00:36","modified_gmt":"2022-03-15T23:00:36","slug":"a-propos-ile-de-vancouver-cote-sunshine","status":"publish","type":"page","link":"https:\/\/makeafuture-fr-dev.majortom.dev\/fr\/enseigner-en-francais-en-c-b\/trouver-un-emploi\/a-propos-ile-de-vancouver-cote-sunshine\/","title":{"rendered":"\u00cele de Vancouver \/ C\u00f4te Sunshine"},"content":{"rendered":"<h2>\u00c0 propos<\/h2>\n<p>Nomm\u00e9 en l\u2019honneur de l\u2019officier britannique qui a explor\u00e9 la c\u00f4te du Pacifique au 18e si\u00e8cle, l\u2019\u00eele de Vancouver, qui est orient\u00e9e du sud-est vers le nord-ouest le long du littoral de la province, compte une population de 750 000 habitants. D\u2019une superficie de 32 000 kilom\u00e8tres carr\u00e9s, c\u2019est la plus grosse \u00eele de l\u2019Am\u00e9rique du Nord dans l\u2019oc\u00e9an Pacifique. \u00c0 l\u2019est du d\u00e9troit de G\u00e9orgie et directement au nord-ouest de Vancouver se trouve la c\u00f4te Sunshine, une r\u00e9gion unique de la province qui est seulement accessible par traversier ou par hydravion.<\/p>\n","protected":false},"excerpt":{"rendered":"<p>\u00c0 propos Nomm\u00e9 en l\u2019honneur de l\u2019officier britannique qui a explor\u00e9 la c\u00f4te du Pacifique au 18e si\u00e8cle, l\u2019\u00eele de Vancouver, qui est orient\u00e9e du sud-est vers le nord-ouest le long du littoral de la province, compte une population de 750 000 habitants. D\u2019une superficie de 32 000 kilom\u00e8tres carr\u00e9s, c\u2019est la plus grosse \u00eele [&hellip;]<\/p>\n","protected":false},"author":2,"featured_media":18406,"parent":20170,"menu_order":7,"comment_status":"closed","ping_status":"closed","template":"templates\/template-region-detail.php","meta":{"_acf_changed":false,"footnotes":""},"class_list":["post-20215","page","type-page","status-publish","has-post-thumbnail","hentry"],"acf":[],"yoast_head":"<!-- This site is optimized with the Yoast SEO plugin v26.3 - https:\/\/yoast.com\/wordpress\/plugins\/seo\/ -->\n<title>\u00cele de Vancouver \/ C\u00f4te Sunshine - Make A Future<\/title>\n<meta name=\"robots\" content=\"noindex, follow, max-snippet:-1, max-image-preview:large, max-video-preview:-1\" \/>\n<meta property=\"og:locale\" content=\"fr_FR\" \/>\n<meta property=\"og:type\" content=\"article\" \/>\n<meta property=\"og:title\" content=\"\u00cele de Vancouver \/ C\u00f4te Sunshine - Make A Future\" \/>\n<meta property=\"og:description\" content=\"\u00c0 propos Nomm\u00e9 en l\u2019honneur de l\u2019officier britannique qui a explor\u00e9 la c\u00f4te du Pacifique au 18e si\u00e8cle, l\u2019\u00eele de Vancouver, qui est orient\u00e9e du sud-est vers le nord-ouest le long du littoral de la province, compte une population de 750 000 habitants. D\u2019une superficie de 32 000 kilom\u00e8tres carr\u00e9s, c\u2019est la plus grosse \u00eele [&hellip;]\" \/>\n<meta property=\"og:url\" content=\"https:\/\/makeafuture-fr-dev.majortom.dev\/fr\/enseigner-en-francais-en-c-b\/trouver-un-emploi\/a-propos-ile-de-vancouver-cote-sunshine\/\" \/>\n<meta property=\"og:site_name\" content=\"Make A Future\" \/>\n<meta property=\"article:publisher\" content=\"https:\/\/www.facebook.com\/MakeAFuture\/\" \/>\n<meta property=\"article:modified_time\" content=\"2022-03-15T23:00:36+00:00\" \/>\n<meta property=\"og:image\" content=\"https:\/\/makeafuture-fr-dev.majortom.dev\/wp-content\/uploads\/2021\/08\/featured_image-vancouver_island-tofino-glen-jackson-305277-unsplash-1080x1080-1.jpg\" \/>\n\t<meta property=\"og:image:width\" content=\"1080\" \/>\n\t<meta property=\"og:image:height\" content=\"1080\" \/>\n\t<meta property=\"og:image:type\" content=\"image\/jpeg\" \/>\n<meta name=\"twitter:card\" content=\"summary_large_image\" \/>\n<meta name=\"twitter:site\" content=\"@makeafuture\" \/>\n<meta name=\"twitter:label1\" content=\"Dur\u00e9e de lecture estim\u00e9e\" \/>\n\t<meta name=\"twitter:data1\" content=\"1 minute\" \/>\n<script type=\"application\/ld+json\" class=\"yoast-schema-graph\">{\"@context\":\"https:\/\/schema.org\",\"@graph\":[{\"@type\":\"WebPage\",\"@id\":\"https:\/\/makeafuture-fr-dev.majortom.dev\/fr\/enseigner-en-francais-en-c-b\/trouver-un-emploi\/a-propos-ile-de-vancouver-cote-sunshine\/\",\"url\":\"https:\/\/makeafuture-fr-dev.majortom.dev\/fr\/enseigner-en-francais-en-c-b\/trouver-un-emploi\/a-propos-ile-de-vancouver-cote-sunshine\/\",\"name\":\"\u00cele de Vancouver \/ C\u00f4te Sunshine - Make A Future\",\"isPartOf\":{\"@id\":\"https:\/\/makeafuture-fr-dev.majortom.dev\/#website\"},\"primaryImageOfPage\":{\"@id\":\"https:\/\/makeafuture-fr-dev.majortom.dev\/fr\/enseigner-en-francais-en-c-b\/trouver-un-emploi\/a-propos-ile-de-vancouver-cote-sunshine\/#primaryimage\"},\"image\":{\"@id\":\"https:\/\/makeafuture-fr-dev.majortom.dev\/fr\/enseigner-en-francais-en-c-b\/trouver-un-emploi\/a-propos-ile-de-vancouver-cote-sunshine\/#primaryimage\"},\"thumbnailUrl\":\"https:\/\/makeafuture-fr-dev.majortom.dev\/wp-content\/uploads\/2021\/08\/featured_image-vancouver_island-tofino-glen-jackson-305277-unsplash-1080x1080-1.jpg\",\"datePublished\":\"2020-06-19T23:46:27+00:00\",\"dateModified\":\"2022-03-15T23:00:36+00:00\",\"breadcrumb\":{\"@id\":\"https:\/\/makeafuture-fr-dev.majortom.dev\/fr\/enseigner-en-francais-en-c-b\/trouver-un-emploi\/a-propos-ile-de-vancouver-cote-sunshine\/#breadcrumb\"},\"inLanguage\":\"fr-FR\",\"potentialAction\":[{\"@type\":\"ReadAction\",\"target\":[\"https:\/\/makeafuture-fr-dev.majortom.dev\/fr\/enseigner-en-francais-en-c-b\/trouver-un-emploi\/a-propos-ile-de-vancouver-cote-sunshine\/\"]}]},{\"@type\":\"ImageObject\",\"inLanguage\":\"fr-FR\",\"@id\":\"https:\/\/makeafuture-fr-dev.majortom.dev\/fr\/enseigner-en-francais-en-c-b\/trouver-un-emploi\/a-propos-ile-de-vancouver-cote-sunshine\/#primaryimage\",\"url\":\"https:\/\/makeafuture-fr-dev.majortom.dev\/wp-content\/uploads\/2021\/08\/featured_image-vancouver_island-tofino-glen-jackson-305277-unsplash-1080x1080-1.jpg\",\"contentUrl\":\"https:\/\/makeafuture-fr-dev.majortom.dev\/wp-content\/uploads\/2021\/08\/featured_image-vancouver_island-tofino-glen-jackson-305277-unsplash-1080x1080-1.jpg\",\"width\":1080,\"height\":1080},{\"@type\":\"BreadcrumbList\",\"@id\":\"https:\/\/makeafuture-fr-dev.majortom.dev\/fr\/enseigner-en-francais-en-c-b\/trouver-un-emploi\/a-propos-ile-de-vancouver-cote-sunshine\/#breadcrumb\",\"itemListElement\":[{\"@type\":\"ListItem\",\"position\":1,\"name\":\"Page d'accueil\",\"item\":\"https:\/\/makeafuture-fr-dev.majortom.dev\/fr\/\"},{\"@type\":\"ListItem\",\"position\":2,\"name\":\"Enseigner en francais en C.-B.\",\"item\":\"https:\/\/makeafuture-fr-dev.majortom.dev\/fr\/enseigner-en-francais-en-c-b\/\"},{\"@type\":\"ListItem\",\"position\":3,\"name\":\"Trouver un emploi\",\"item\":\"https:\/\/makeafuture-fr-dev.majortom.dev\/fr\/enseigner-en-francais-en-c-b\/trouver-un-emploi\/\"},{\"@type\":\"ListItem\",\"position\":4,\"name\":\"\u00cele de Vancouver \/ C\u00f4te Sunshine\"}]},{\"@type\":\"WebSite\",\"@id\":\"https:\/\/makeafuture-fr-dev.majortom.dev\/#website\",\"url\":\"https:\/\/makeafuture-fr-dev.majortom.dev\/\",\"name\":\"Make A Future\",\"description\":\"Careers In BC Education\",\"publisher\":{\"@id\":\"https:\/\/makeafuture-fr-dev.majortom.dev\/#organization\"},\"potentialAction\":[{\"@type\":\"SearchAction\",\"target\":{\"@type\":\"EntryPoint\",\"urlTemplate\":\"https:\/\/makeafuture-fr-dev.majortom.dev\/?s={search_term_string}\"},\"query-input\":{\"@type\":\"PropertyValueSpecification\",\"valueRequired\":true,\"valueName\":\"search_term_string\"}}],\"inLanguage\":\"fr-FR\"},{\"@type\":\"Organization\",\"@id\":\"https:\/\/makeafuture-fr-dev.majortom.dev\/#organization\",\"name\":\"Make a Future - Careers in BC Education\",\"url\":\"https:\/\/makeafuture-fr-dev.majortom.dev\/\",\"logo\":{\"@type\":\"ImageObject\",\"inLanguage\":\"fr-FR\",\"@id\":\"https:\/\/makeafuture-fr-dev.majortom.dev\/#\/schema\/logo\/image\/\",\"url\":\"https:\/\/makeafuture-fr-dev.majortom.dev\/wp-content\/uploads\/2015\/10\/MAF_logo_3col_vert_RGB_web.jpg\",\"contentUrl\":\"https:\/\/makeafuture-fr-dev.majortom.dev\/wp-content\/uploads\/2015\/10\/MAF_logo_3col_vert_RGB_web.jpg\",\"width\":200,\"height\":112,\"caption\":\"Make a Future - Careers in BC Education\"},\"image\":{\"@id\":\"https:\/\/makeafuture-fr-dev.majortom.dev\/#\/schema\/logo\/image\/\"},\"sameAs\":[\"https:\/\/www.facebook.com\/MakeAFuture\/\",\"https:\/\/x.com\/makeafuture\",\"https:\/\/www.linkedin.com\/company\/make-a-future---careers-in-bc-education\"]}]}<\/script>\n<!-- \/ Yoast SEO plugin. -->","yoast_head_json":{"title":"\u00cele de Vancouver \/ C\u00f4te Sunshine - Make A Future","robots":{"index":"noindex","follow":"follow","max-snippet":"max-snippet:-1","max-image-preview":"max-image-preview:large","max-video-preview":"max-video-preview:-1"},"og_locale":"fr_FR","og_type":"article","og_title":"\u00cele de Vancouver \/ C\u00f4te Sunshine - Make A Future","og_description":"\u00c0 propos Nomm\u00e9 en l\u2019honneur de l\u2019officier britannique qui a explor\u00e9 la c\u00f4te du Pacifique au 18e si\u00e8cle, l\u2019\u00eele de Vancouver, qui est orient\u00e9e du sud-est vers le nord-ouest le long du littoral de la province, compte une population de 750 000 habitants. D\u2019une superficie de 32 000 kilom\u00e8tres carr\u00e9s, c\u2019est la plus grosse \u00eele [&hellip;]","og_url":"https:\/\/makeafuture-fr-dev.majortom.dev\/fr\/enseigner-en-francais-en-c-b\/trouver-un-emploi\/a-propos-ile-de-vancouver-cote-sunshine\/","og_site_name":"Make A Future","article_publisher":"https:\/\/www.facebook.com\/MakeAFuture\/","article_modified_time":"2022-03-15T23:00:36+00:00","og_image":[{"width":1080,"height":1080,"url":"https:\/\/makeafuture-fr-dev.majortom.dev\/wp-content\/uploads\/2021\/08\/featured_image-vancouver_island-tofino-glen-jackson-305277-unsplash-1080x1080-1.jpg","type":"image\/jpeg"}],"twitter_card":"summary_large_image","twitter_site":"@makeafuture","twitter_misc":{"Dur\u00e9e de lecture estim\u00e9e":"1 minute"},"schema":{"@context":"https:\/\/schema.org","@graph":[{"@type":"WebPage","@id":"https:\/\/makeafuture-fr-dev.majortom.dev\/fr\/enseigner-en-francais-en-c-b\/trouver-un-emploi\/a-propos-ile-de-vancouver-cote-sunshine\/","url":"https:\/\/makeafuture-fr-dev.majortom.dev\/fr\/enseigner-en-francais-en-c-b\/trouver-un-emploi\/a-propos-ile-de-vancouver-cote-sunshine\/","name":"\u00cele de Vancouver \/ C\u00f4te Sunshine - Make A Future","isPartOf":{"@id":"https:\/\/makeafuture-fr-dev.majortom.dev\/#website"},"primaryImageOfPage":{"@id":"https:\/\/makeafuture-fr-dev.majortom.dev\/fr\/enseigner-en-francais-en-c-b\/trouver-un-emploi\/a-propos-ile-de-vancouver-cote-sunshine\/#primaryimage"},"image":{"@id":"https:\/\/makeafuture-fr-dev.majortom.dev\/fr\/enseigner-en-francais-en-c-b\/trouver-un-emploi\/a-propos-ile-de-vancouver-cote-sunshine\/#primaryimage"},"thumbnailUrl":"https:\/\/makeafuture-fr-dev.majortom.dev\/wp-content\/uploads\/2021\/08\/featured_image-vancouver_island-tofino-glen-jackson-305277-unsplash-1080x1080-1.jpg","datePublished":"2020-06-19T23:46:27+00:00","dateModified":"2022-03-15T23:00:36+00:00","breadcrumb":{"@id":"https:\/\/makeafuture-fr-dev.majortom.dev\/fr\/enseigner-en-francais-en-c-b\/trouver-un-emploi\/a-propos-ile-de-vancouver-cote-sunshine\/#breadcrumb"},"inLanguage":"fr-FR","potentialAction":[{"@type":"ReadAction","target":["https:\/\/makeafuture-fr-dev.majortom.dev\/fr\/enseigner-en-francais-en-c-b\/trouver-un-emploi\/a-propos-ile-de-vancouver-cote-sunshine\/"]}]},{"@type":"ImageObject","inLanguage":"fr-FR","@id":"https:\/\/makeafuture-fr-dev.majortom.dev\/fr\/enseigner-en-francais-en-c-b\/trouver-un-emploi\/a-propos-ile-de-vancouver-cote-sunshine\/#primaryimage","url":"https:\/\/makeafuture-fr-dev.majortom.dev\/wp-content\/uploads\/2021\/08\/featured_image-vancouver_island-tofino-glen-jackson-305277-unsplash-1080x1080-1.jpg","contentUrl":"https:\/\/makeafuture-fr-dev.majortom.dev\/wp-content\/uploads\/2021\/08\/featured_image-vancouver_island-tofino-glen-jackson-305277-unsplash-1080x1080-1.jpg","width":1080,"height":1080},{"@type":"BreadcrumbList","@id":"https:\/\/makeafuture-fr-dev.majortom.dev\/fr\/enseigner-en-francais-en-c-b\/trouver-un-emploi\/a-propos-ile-de-vancouver-cote-sunshine\/#breadcrumb","itemListElement":[{"@type":"ListItem","position":1,"name":"Page d'accueil","item":"https:\/\/makeafuture-fr-dev.majortom.dev\/fr\/"},{"@type":"ListItem","position":2,"name":"Enseigner en francais en C.-B.","item":"https:\/\/makeafuture-fr-dev.majortom.dev\/fr\/enseigner-en-francais-en-c-b\/"},{"@type":"ListItem","position":3,"name":"Trouver un emploi","item":"https:\/\/makeafuture-fr-dev.majortom.dev\/fr\/enseigner-en-francais-en-c-b\/trouver-un-emploi\/"},{"@type":"ListItem","position":4,"name":"\u00cele de Vancouver \/ C\u00f4te Sunshine"}]},{"@type":"WebSite","@id":"https:\/\/makeafuture-fr-dev.majortom.dev\/#website","url":"https:\/\/makeafuture-fr-dev.majortom.dev\/","name":"Make A Future","description":"Careers In BC Education","publisher":{"@id":"https:\/\/makeafuture-fr-dev.majortom.dev\/#organization"},"potentialAction":[{"@type":"SearchAction","target":{"@type":"EntryPoint","urlTemplate":"https:\/\/makeafuture-fr-dev.majortom.dev\/?s={search_term_string}"},"query-input":{"@type":"PropertyValueSpecification","valueRequired":true,"valueName":"search_term_string"}}],"inLanguage":"fr-FR"},{"@type":"Organization","@id":"https:\/\/makeafuture-fr-dev.majortom.dev\/#organization","name":"Make a Future - Careers in BC Education","url":"https:\/\/makeafuture-fr-dev.majortom.dev\/","logo":{"@type":"ImageObject","inLanguage":"fr-FR","@id":"https:\/\/makeafuture-fr-dev.majortom.dev\/#\/schema\/logo\/image\/","url":"https:\/\/makeafuture-fr-dev.majortom.dev\/wp-content\/uploads\/2015\/10\/MAF_logo_3col_vert_RGB_web.jpg","contentUrl":"https:\/\/makeafuture-fr-dev.majortom.dev\/wp-content\/uploads\/2015\/10\/MAF_logo_3col_vert_RGB_web.jpg","width":200,"height":112,"caption":"Make a Future - Careers in BC Education"},"image":{"@id":"https:\/\/makeafuture-fr-dev.majortom.dev\/#\/schema\/logo\/image\/"},"sameAs":["https:\/\/www.facebook.com\/MakeAFuture\/","https:\/\/x.com\/makeafuture","https:\/\/www.linkedin.com\/company\/make-a-future---careers-in-bc-education"]}]}},"_links":{"self":[{"href":"https:\/\/makeafuture-fr-dev.majortom.dev\/fr\/wp-json\/wp\/v2\/pages\/20215","targetHints":{"allow":["GET"]}}],"collection":[{"href":"https:\/\/makeafuture-fr-dev.majortom.dev\/fr\/wp-json\/wp\/v2\/pages"}],"about":[{"href":"https:\/\/makeafuture-fr-dev.majortom.dev\/fr\/wp-json\/wp\/v2\/types\/page"}],"author":[{"embeddable":true,"href":"https:\/\/makeafuture-fr-dev.majortom.dev\/fr\/wp-json\/wp\/v2\/users\/2"}],"replies":[{"embeddable":true,"href":"https:\/\/makeafuture-fr-dev.majortom.dev\/fr\/wp-json\/wp\/v2\/comments?post=20215"}],"version-history":[{"count":2,"href":"https:\/\/makeafuture-fr-dev.majortom.dev\/fr\/wp-json\/wp\/v2\/pages\/20215\/revisions"}],"predecessor-version":[{"id":20217,"href":"https:\/\/makeafuture-fr-dev.majortom.dev\/fr\/wp-json\/wp\/v2\/pages\/20215\/revisions\/20217"}],"up":[{"embeddable":true,"href":"https:\/\/makeafuture-fr-dev.majortom.dev\/fr\/wp-json\/wp\/v2\/pages\/20170"}],"wp:featuredmedia":[{"embeddable":true,"href":"https:\/\/makeafuture-fr-dev.majortom.dev\/fr\/wp-json\/wp\/v2\/media\/18406"}],"wp:attachment":[{"href":"https:\/\/makeafuture-fr-dev.majortom.dev\/fr\/wp-json\/wp\/v2\/media?parent=20215"}],"curies":[{"name":"wp","href":"https:\/\/api.w.org\/{rel}","templated":true}]}}