{"id":20195,"date":"2020-06-19T15:45:09","date_gmt":"2020-06-19T23:45:09","guid":{"rendered":"https:\/\/www.makeafuture.ca\/northern-bc-overview\/"},"modified":"2022-03-15T14:55:11","modified_gmt":"2022-03-15T22:55:11","slug":"a-propos-nord","status":"publish","type":"page","link":"https:\/\/makeafuture-fr-dev.majortom.dev\/fr\/enseigner-en-francais-en-c-b\/trouver-un-emploi\/a-propos-nord\/","title":{"rendered":"Nord"},"content":{"rendered":"<h2>\u00c0 propos<\/h2>\n<p>D\u2019est en ouest, la r\u00e9gion du Nord s\u2019\u00e9tend sur mille kilom\u00e8tres et suit la l\u00e9gendaire route Yellowhead. Avec une superficie qui fait le double de celle du Royaume-Uni, c\u2019est une r\u00e9gion \u00e9loign\u00e9e et l\u2019endroit id\u00e9al pour \u00e9chapper au tourbillon d\u2019activit\u00e9s de la ville. La r\u00e9gion compte sur une \u00e9conomie forte gr\u00e2ce \u00e0 l\u2019industrie du p\u00e9trole et du gaz. Les magnifiques paysages de sommets escarp\u00e9s et de glaciers remontant \u00e0 l\u2019\u00e8re glaciaire cr\u00e9ent une toile de fond spectaculaire pour les activit\u00e9s en plein air.<\/p>\n","protected":false},"excerpt":{"rendered":"<p>\u00c0 propos D\u2019est en ouest, la r\u00e9gion du Nord s\u2019\u00e9tend sur mille kilom\u00e8tres et suit la l\u00e9gendaire route Yellowhead. Avec une superficie qui fait le double de celle du Royaume-Uni, c\u2019est une r\u00e9gion \u00e9loign\u00e9e et l\u2019endroit id\u00e9al pour \u00e9chapper au tourbillon d\u2019activit\u00e9s de la ville. La r\u00e9gion compte sur une \u00e9conomie forte gr\u00e2ce \u00e0 l\u2019industrie [&hellip;]<\/p>\n","protected":false},"author":2,"featured_media":18478,"parent":20170,"menu_order":5,"comment_status":"closed","ping_status":"closed","template":"templates\/template-region-detail.php","meta":{"_acf_changed":false,"footnotes":""},"class_list":["post-20195","page","type-page","status-publish","has-post-thumbnail","hentry"],"acf":[],"yoast_head":"<!-- This site is optimized with the Yoast SEO plugin v26.3 - https:\/\/yoast.com\/wordpress\/plugins\/seo\/ -->\n<title>Nord - Make A Future<\/title>\n<meta name=\"robots\" content=\"noindex, follow, max-snippet:-1, max-image-preview:large, max-video-preview:-1\" \/>\n<meta property=\"og:locale\" content=\"fr_FR\" \/>\n<meta property=\"og:type\" content=\"article\" \/>\n<meta property=\"og:title\" content=\"Nord - Make A Future\" \/>\n<meta property=\"og:description\" content=\"\u00c0 propos D\u2019est en ouest, la r\u00e9gion du Nord s\u2019\u00e9tend sur mille kilom\u00e8tres et suit la l\u00e9gendaire route Yellowhead. Avec une superficie qui fait le double de celle du Royaume-Uni, c\u2019est une r\u00e9gion \u00e9loign\u00e9e et l\u2019endroit id\u00e9al pour \u00e9chapper au tourbillon d\u2019activit\u00e9s de la ville. La r\u00e9gion compte sur une \u00e9conomie forte gr\u00e2ce \u00e0 l\u2019industrie [&hellip;]\" \/>\n<meta property=\"og:url\" content=\"https:\/\/makeafuture-fr-dev.majortom.dev\/fr\/enseigner-en-francais-en-c-b\/trouver-un-emploi\/a-propos-nord\/\" \/>\n<meta property=\"og:site_name\" content=\"Make A Future\" \/>\n<meta property=\"article:publisher\" content=\"https:\/\/www.facebook.com\/MakeAFuture\/\" \/>\n<meta property=\"article:modified_time\" content=\"2022-03-15T22:55:11+00:00\" \/>\n<meta property=\"og:image\" content=\"https:\/\/makeafuture-fr-dev.majortom.dev\/wp-content\/uploads\/2021\/08\/featured_image-northern_bc-bow_lake-fraser_fort-sterlinglanier-lanier-DpW80tWZcvE-unsplash-1080x1080-1-2.jpg\" \/>\n\t<meta property=\"og:image:width\" content=\"1080\" \/>\n\t<meta property=\"og:image:height\" content=\"1080\" \/>\n\t<meta property=\"og:image:type\" content=\"image\/jpeg\" \/>\n<meta name=\"twitter:card\" content=\"summary_large_image\" \/>\n<meta name=\"twitter:site\" content=\"@makeafuture\" \/>\n<meta name=\"twitter:label1\" content=\"Dur\u00e9e de lecture estim\u00e9e\" \/>\n\t<meta name=\"twitter:data1\" content=\"1 minute\" \/>\n<script type=\"application\/ld+json\" class=\"yoast-schema-graph\">{\"@context\":\"https:\/\/schema.org\",\"@graph\":[{\"@type\":\"WebPage\",\"@id\":\"https:\/\/makeafuture-fr-dev.majortom.dev\/fr\/enseigner-en-francais-en-c-b\/trouver-un-emploi\/a-propos-nord\/\",\"url\":\"https:\/\/makeafuture-fr-dev.majortom.dev\/fr\/enseigner-en-francais-en-c-b\/trouver-un-emploi\/a-propos-nord\/\",\"name\":\"Nord - Make A Future\",\"isPartOf\":{\"@id\":\"https:\/\/makeafuture-fr-dev.majortom.dev\/#website\"},\"primaryImageOfPage\":{\"@id\":\"https:\/\/makeafuture-fr-dev.majortom.dev\/fr\/enseigner-en-francais-en-c-b\/trouver-un-emploi\/a-propos-nord\/#primaryimage\"},\"image\":{\"@id\":\"https:\/\/makeafuture-fr-dev.majortom.dev\/fr\/enseigner-en-francais-en-c-b\/trouver-un-emploi\/a-propos-nord\/#primaryimage\"},\"thumbnailUrl\":\"https:\/\/makeafuture-fr-dev.majortom.dev\/wp-content\/uploads\/2021\/08\/featured_image-northern_bc-bow_lake-fraser_fort-sterlinglanier-lanier-DpW80tWZcvE-unsplash-1080x1080-1-2.jpg\",\"datePublished\":\"2020-06-19T23:45:09+00:00\",\"dateModified\":\"2022-03-15T22:55:11+00:00\",\"breadcrumb\":{\"@id\":\"https:\/\/makeafuture-fr-dev.majortom.dev\/fr\/enseigner-en-francais-en-c-b\/trouver-un-emploi\/a-propos-nord\/#breadcrumb\"},\"inLanguage\":\"fr-FR\",\"potentialAction\":[{\"@type\":\"ReadAction\",\"target\":[\"https:\/\/makeafuture-fr-dev.majortom.dev\/fr\/enseigner-en-francais-en-c-b\/trouver-un-emploi\/a-propos-nord\/\"]}]},{\"@type\":\"ImageObject\",\"inLanguage\":\"fr-FR\",\"@id\":\"https:\/\/makeafuture-fr-dev.majortom.dev\/fr\/enseigner-en-francais-en-c-b\/trouver-un-emploi\/a-propos-nord\/#primaryimage\",\"url\":\"https:\/\/makeafuture-fr-dev.majortom.dev\/wp-content\/uploads\/2021\/08\/featured_image-northern_bc-bow_lake-fraser_fort-sterlinglanier-lanier-DpW80tWZcvE-unsplash-1080x1080-1-2.jpg\",\"contentUrl\":\"https:\/\/makeafuture-fr-dev.majortom.dev\/wp-content\/uploads\/2021\/08\/featured_image-northern_bc-bow_lake-fraser_fort-sterlinglanier-lanier-DpW80tWZcvE-unsplash-1080x1080-1-2.jpg\",\"width\":1080,\"height\":1080},{\"@type\":\"BreadcrumbList\",\"@id\":\"https:\/\/makeafuture-fr-dev.majortom.dev\/fr\/enseigner-en-francais-en-c-b\/trouver-un-emploi\/a-propos-nord\/#breadcrumb\",\"itemListElement\":[{\"@type\":\"ListItem\",\"position\":1,\"name\":\"Page d'accueil\",\"item\":\"https:\/\/makeafuture-fr-dev.majortom.dev\/fr\/\"},{\"@type\":\"ListItem\",\"position\":2,\"name\":\"Enseigner en francais en C.-B.\",\"item\":\"https:\/\/makeafuture-fr-dev.majortom.dev\/fr\/enseigner-en-francais-en-c-b\/\"},{\"@type\":\"ListItem\",\"position\":3,\"name\":\"Trouver un emploi\",\"item\":\"https:\/\/makeafuture-fr-dev.majortom.dev\/fr\/enseigner-en-francais-en-c-b\/trouver-un-emploi\/\"},{\"@type\":\"ListItem\",\"position\":4,\"name\":\"Nord\"}]},{\"@type\":\"WebSite\",\"@id\":\"https:\/\/makeafuture-fr-dev.majortom.dev\/#website\",\"url\":\"https:\/\/makeafuture-fr-dev.majortom.dev\/\",\"name\":\"Make A Future\",\"description\":\"Careers In BC Education\",\"publisher\":{\"@id\":\"https:\/\/makeafuture-fr-dev.majortom.dev\/#organization\"},\"potentialAction\":[{\"@type\":\"SearchAction\",\"target\":{\"@type\":\"EntryPoint\",\"urlTemplate\":\"https:\/\/makeafuture-fr-dev.majortom.dev\/?s={search_term_string}\"},\"query-input\":{\"@type\":\"PropertyValueSpecification\",\"valueRequired\":true,\"valueName\":\"search_term_string\"}}],\"inLanguage\":\"fr-FR\"},{\"@type\":\"Organization\",\"@id\":\"https:\/\/makeafuture-fr-dev.majortom.dev\/#organization\",\"name\":\"Make a Future - Careers in BC Education\",\"url\":\"https:\/\/makeafuture-fr-dev.majortom.dev\/\",\"logo\":{\"@type\":\"ImageObject\",\"inLanguage\":\"fr-FR\",\"@id\":\"https:\/\/makeafuture-fr-dev.majortom.dev\/#\/schema\/logo\/image\/\",\"url\":\"https:\/\/makeafuture-fr-dev.majortom.dev\/wp-content\/uploads\/2015\/10\/MAF_logo_3col_vert_RGB_web.jpg\",\"contentUrl\":\"https:\/\/makeafuture-fr-dev.majortom.dev\/wp-content\/uploads\/2015\/10\/MAF_logo_3col_vert_RGB_web.jpg\",\"width\":200,\"height\":112,\"caption\":\"Make a Future - Careers in BC Education\"},\"image\":{\"@id\":\"https:\/\/makeafuture-fr-dev.majortom.dev\/#\/schema\/logo\/image\/\"},\"sameAs\":[\"https:\/\/www.facebook.com\/MakeAFuture\/\",\"https:\/\/x.com\/makeafuture\",\"https:\/\/www.linkedin.com\/company\/make-a-future---careers-in-bc-education\"]}]}<\/script>\n<!-- \/ Yoast SEO plugin. -->","yoast_head_json":{"title":"Nord - Make A Future","robots":{"index":"noindex","follow":"follow","max-snippet":"max-snippet:-1","max-image-preview":"max-image-preview:large","max-video-preview":"max-video-preview:-1"},"og_locale":"fr_FR","og_type":"article","og_title":"Nord - Make A Future","og_description":"\u00c0 propos D\u2019est en ouest, la r\u00e9gion du Nord s\u2019\u00e9tend sur mille kilom\u00e8tres et suit la l\u00e9gendaire route Yellowhead. Avec une superficie qui fait le double de celle du Royaume-Uni, c\u2019est une r\u00e9gion \u00e9loign\u00e9e et l\u2019endroit id\u00e9al pour \u00e9chapper au tourbillon d\u2019activit\u00e9s de la ville. La r\u00e9gion compte sur une \u00e9conomie forte gr\u00e2ce \u00e0 l\u2019industrie [&hellip;]","og_url":"https:\/\/makeafuture-fr-dev.majortom.dev\/fr\/enseigner-en-francais-en-c-b\/trouver-un-emploi\/a-propos-nord\/","og_site_name":"Make A Future","article_publisher":"https:\/\/www.facebook.com\/MakeAFuture\/","article_modified_time":"2022-03-15T22:55:11+00:00","og_image":[{"width":1080,"height":1080,"url":"https:\/\/makeafuture-fr-dev.majortom.dev\/wp-content\/uploads\/2021\/08\/featured_image-northern_bc-bow_lake-fraser_fort-sterlinglanier-lanier-DpW80tWZcvE-unsplash-1080x1080-1-2.jpg","type":"image\/jpeg"}],"twitter_card":"summary_large_image","twitter_site":"@makeafuture","twitter_misc":{"Dur\u00e9e de lecture estim\u00e9e":"1 minute"},"schema":{"@context":"https:\/\/schema.org","@graph":[{"@type":"WebPage","@id":"https:\/\/makeafuture-fr-dev.majortom.dev\/fr\/enseigner-en-francais-en-c-b\/trouver-un-emploi\/a-propos-nord\/","url":"https:\/\/makeafuture-fr-dev.majortom.dev\/fr\/enseigner-en-francais-en-c-b\/trouver-un-emploi\/a-propos-nord\/","name":"Nord - Make A Future","isPartOf":{"@id":"https:\/\/makeafuture-fr-dev.majortom.dev\/#website"},"primaryImageOfPage":{"@id":"https:\/\/makeafuture-fr-dev.majortom.dev\/fr\/enseigner-en-francais-en-c-b\/trouver-un-emploi\/a-propos-nord\/#primaryimage"},"image":{"@id":"https:\/\/makeafuture-fr-dev.majortom.dev\/fr\/enseigner-en-francais-en-c-b\/trouver-un-emploi\/a-propos-nord\/#primaryimage"},"thumbnailUrl":"https:\/\/makeafuture-fr-dev.majortom.dev\/wp-content\/uploads\/2021\/08\/featured_image-northern_bc-bow_lake-fraser_fort-sterlinglanier-lanier-DpW80tWZcvE-unsplash-1080x1080-1-2.jpg","datePublished":"2020-06-19T23:45:09+00:00","dateModified":"2022-03-15T22:55:11+00:00","breadcrumb":{"@id":"https:\/\/makeafuture-fr-dev.majortom.dev\/fr\/enseigner-en-francais-en-c-b\/trouver-un-emploi\/a-propos-nord\/#breadcrumb"},"inLanguage":"fr-FR","potentialAction":[{"@type":"ReadAction","target":["https:\/\/makeafuture-fr-dev.majortom.dev\/fr\/enseigner-en-francais-en-c-b\/trouver-un-emploi\/a-propos-nord\/"]}]},{"@type":"ImageObject","inLanguage":"fr-FR","@id":"https:\/\/makeafuture-fr-dev.majortom.dev\/fr\/enseigner-en-francais-en-c-b\/trouver-un-emploi\/a-propos-nord\/#primaryimage","url":"https:\/\/makeafuture-fr-dev.majortom.dev\/wp-content\/uploads\/2021\/08\/featured_image-northern_bc-bow_lake-fraser_fort-sterlinglanier-lanier-DpW80tWZcvE-unsplash-1080x1080-1-2.jpg","contentUrl":"https:\/\/makeafuture-fr-dev.majortom.dev\/wp-content\/uploads\/2021\/08\/featured_image-northern_bc-bow_lake-fraser_fort-sterlinglanier-lanier-DpW80tWZcvE-unsplash-1080x1080-1-2.jpg","width":1080,"height":1080},{"@type":"BreadcrumbList","@id":"https:\/\/makeafuture-fr-dev.majortom.dev\/fr\/enseigner-en-francais-en-c-b\/trouver-un-emploi\/a-propos-nord\/#breadcrumb","itemListElement":[{"@type":"ListItem","position":1,"name":"Page d'accueil","item":"https:\/\/makeafuture-fr-dev.majortom.dev\/fr\/"},{"@type":"ListItem","position":2,"name":"Enseigner en francais en C.-B.","item":"https:\/\/makeafuture-fr-dev.majortom.dev\/fr\/enseigner-en-francais-en-c-b\/"},{"@type":"ListItem","position":3,"name":"Trouver un emploi","item":"https:\/\/makeafuture-fr-dev.majortom.dev\/fr\/enseigner-en-francais-en-c-b\/trouver-un-emploi\/"},{"@type":"ListItem","position":4,"name":"Nord"}]},{"@type":"WebSite","@id":"https:\/\/makeafuture-fr-dev.majortom.dev\/#website","url":"https:\/\/makeafuture-fr-dev.majortom.dev\/","name":"Make A Future","description":"Careers In BC Education","publisher":{"@id":"https:\/\/makeafuture-fr-dev.majortom.dev\/#organization"},"potentialAction":[{"@type":"SearchAction","target":{"@type":"EntryPoint","urlTemplate":"https:\/\/makeafuture-fr-dev.majortom.dev\/?s={search_term_string}"},"query-input":{"@type":"PropertyValueSpecification","valueRequired":true,"valueName":"search_term_string"}}],"inLanguage":"fr-FR"},{"@type":"Organization","@id":"https:\/\/makeafuture-fr-dev.majortom.dev\/#organization","name":"Make a Future - Careers in BC Education","url":"https:\/\/makeafuture-fr-dev.majortom.dev\/","logo":{"@type":"ImageObject","inLanguage":"fr-FR","@id":"https:\/\/makeafuture-fr-dev.majortom.dev\/#\/schema\/logo\/image\/","url":"https:\/\/makeafuture-fr-dev.majortom.dev\/wp-content\/uploads\/2015\/10\/MAF_logo_3col_vert_RGB_web.jpg","contentUrl":"https:\/\/makeafuture-fr-dev.majortom.dev\/wp-content\/uploads\/2015\/10\/MAF_logo_3col_vert_RGB_web.jpg","width":200,"height":112,"caption":"Make a Future - Careers in BC Education"},"image":{"@id":"https:\/\/makeafuture-fr-dev.majortom.dev\/#\/schema\/logo\/image\/"},"sameAs":["https:\/\/www.facebook.com\/MakeAFuture\/","https:\/\/x.com\/makeafuture","https:\/\/www.linkedin.com\/company\/make-a-future---careers-in-bc-education"]}]}},"_links":{"self":[{"href":"https:\/\/makeafuture-fr-dev.majortom.dev\/fr\/wp-json\/wp\/v2\/pages\/20195","targetHints":{"allow":["GET"]}}],"collection":[{"href":"https:\/\/makeafuture-fr-dev.majortom.dev\/fr\/wp-json\/wp\/v2\/pages"}],"about":[{"href":"https:\/\/makeafuture-fr-dev.majortom.dev\/fr\/wp-json\/wp\/v2\/types\/page"}],"author":[{"embeddable":true,"href":"https:\/\/makeafuture-fr-dev.majortom.dev\/fr\/wp-json\/wp\/v2\/users\/2"}],"replies":[{"embeddable":true,"href":"https:\/\/makeafuture-fr-dev.majortom.dev\/fr\/wp-json\/wp\/v2\/comments?post=20195"}],"version-history":[{"count":4,"href":"https:\/\/makeafuture-fr-dev.majortom.dev\/fr\/wp-json\/wp\/v2\/pages\/20195\/revisions"}],"predecessor-version":[{"id":20221,"href":"https:\/\/makeafuture-fr-dev.majortom.dev\/fr\/wp-json\/wp\/v2\/pages\/20195\/revisions\/20221"}],"up":[{"embeddable":true,"href":"https:\/\/makeafuture-fr-dev.majortom.dev\/fr\/wp-json\/wp\/v2\/pages\/20170"}],"wp:featuredmedia":[{"embeddable":true,"href":"https:\/\/makeafuture-fr-dev.majortom.dev\/fr\/wp-json\/wp\/v2\/media\/18478"}],"wp:attachment":[{"href":"https:\/\/makeafuture-fr-dev.majortom.dev\/fr\/wp-json\/wp\/v2\/media?parent=20195"}],"curies":[{"name":"wp","href":"https:\/\/api.w.org\/{rel}","templated":true}]}}