{"id":20160,"date":"2020-06-19T14:45:42","date_gmt":"2020-06-19T22:45:42","guid":{"rendered":"https:\/\/www.makeafuture.ca\/fraser-valley-overview\/"},"modified":"2022-03-15T14:54:01","modified_gmt":"2022-03-15T22:54:01","slug":"a-propos-vallee-du-fraser","status":"publish","type":"page","link":"https:\/\/makeafuture-fr-dev.majortom.dev\/fr\/enseigner-en-francais-en-c-b\/trouver-un-emploi\/a-propos-vallee-du-fraser\/","title":{"rendered":"Vall\u00e9e du Fraser"},"content":{"rendered":"<h2>\u00c0 propos<\/h2>\n<p>La vall\u00e9e du Fraser, qui a une fronti\u00e8re commune avec Vancouver M\u00e9tropolitain \u00e0 l\u2019ouest et la r\u00e9gion de l\u2019Okanagan \u00e0 l\u2019est, compte une population totale d\u2019environ 257 031 personnes. La ligne ferroviaire West Coast Express relie les communaut\u00e9s de Port Moody, Maple Ridge, Pitt Meadows et Mission ainsi que la ville de Vancouver, qui est \u00e9galement accessible par l\u2019Autoroute transcanadienne pour ceux qui veulent s\u2019y rendre en auto.<\/p>\n","protected":false},"excerpt":{"rendered":"<p>\u00c0 propos La vall\u00e9e du Fraser, qui a une fronti\u00e8re commune avec Vancouver M\u00e9tropolitain \u00e0 l\u2019ouest et la r\u00e9gion de l\u2019Okanagan \u00e0 l\u2019est, compte une population totale d\u2019environ 257 031 personnes. La ligne ferroviaire West Coast Express relie les communaut\u00e9s de Port Moody, Maple Ridge, Pitt Meadows et Mission ainsi que la ville de Vancouver, [&hellip;]<\/p>\n","protected":false},"author":2,"featured_media":18661,"parent":20170,"menu_order":2,"comment_status":"closed","ping_status":"closed","template":"templates\/template-region-detail.php","meta":{"_acf_changed":false,"footnotes":""},"class_list":["post-20160","page","type-page","status-publish","has-post-thumbnail","hentry"],"acf":[],"yoast_head":"<!-- This site is optimized with the Yoast SEO plugin v26.3 - https:\/\/yoast.com\/wordpress\/plugins\/seo\/ -->\n<title>Vall\u00e9e du Fraser - Make A Future<\/title>\n<meta name=\"description\" content=\"Consultez les nouvelles opportunit\u00e9s d&#039;emploi en \u00e9ducation dans la vall\u00e9e du Fraser, qui offre une combinaison unique de vie \u00e0 la campagne et \u00e0 la ville.\" \/>\n<meta name=\"robots\" content=\"noindex, follow, max-snippet:-1, max-image-preview:large, max-video-preview:-1\" \/>\n<meta property=\"og:locale\" content=\"fr_FR\" \/>\n<meta property=\"og:type\" content=\"article\" \/>\n<meta property=\"og:title\" content=\"Vall\u00e9e du Fraser - Make A Future\" \/>\n<meta property=\"og:description\" content=\"Consultez les nouvelles opportunit\u00e9s d&#039;emploi en \u00e9ducation dans la vall\u00e9e du Fraser, qui offre une combinaison unique de vie \u00e0 la campagne et \u00e0 la ville.\" \/>\n<meta property=\"og:url\" content=\"https:\/\/makeafuture-fr-dev.majortom.dev\/fr\/enseigner-en-francais-en-c-b\/trouver-un-emploi\/a-propos-vallee-du-fraser\/\" \/>\n<meta property=\"og:site_name\" content=\"Make A Future\" \/>\n<meta property=\"article:publisher\" content=\"https:\/\/www.facebook.com\/MakeAFuture\/\" \/>\n<meta property=\"article:modified_time\" content=\"2022-03-15T22:54:01+00:00\" \/>\n<meta property=\"og:image\" content=\"https:\/\/makeafuture-fr-dev.majortom.dev\/wp-content\/uploads\/2021\/08\/featured_image-fraser_valley-chilliwack_tulip_festival-1067x1067-1-4.jpg\" \/>\n\t<meta property=\"og:image:width\" content=\"1067\" \/>\n\t<meta property=\"og:image:height\" content=\"1067\" \/>\n\t<meta property=\"og:image:type\" content=\"image\/jpeg\" \/>\n<meta name=\"twitter:card\" content=\"summary_large_image\" \/>\n<meta name=\"twitter:site\" content=\"@makeafuture\" \/>\n<meta name=\"twitter:label1\" content=\"Dur\u00e9e de lecture estim\u00e9e\" \/>\n\t<meta name=\"twitter:data1\" content=\"1 minute\" \/>\n<script type=\"application\/ld+json\" class=\"yoast-schema-graph\">{\"@context\":\"https:\/\/schema.org\",\"@graph\":[{\"@type\":\"WebPage\",\"@id\":\"https:\/\/makeafuture-fr-dev.majortom.dev\/fr\/enseigner-en-francais-en-c-b\/trouver-un-emploi\/a-propos-vallee-du-fraser\/\",\"url\":\"https:\/\/makeafuture-fr-dev.majortom.dev\/fr\/enseigner-en-francais-en-c-b\/trouver-un-emploi\/a-propos-vallee-du-fraser\/\",\"name\":\"Vall\u00e9e du Fraser - Make A Future\",\"isPartOf\":{\"@id\":\"https:\/\/makeafuture-fr-dev.majortom.dev\/#website\"},\"primaryImageOfPage\":{\"@id\":\"https:\/\/makeafuture-fr-dev.majortom.dev\/fr\/enseigner-en-francais-en-c-b\/trouver-un-emploi\/a-propos-vallee-du-fraser\/#primaryimage\"},\"image\":{\"@id\":\"https:\/\/makeafuture-fr-dev.majortom.dev\/fr\/enseigner-en-francais-en-c-b\/trouver-un-emploi\/a-propos-vallee-du-fraser\/#primaryimage\"},\"thumbnailUrl\":\"https:\/\/makeafuture-fr-dev.majortom.dev\/wp-content\/uploads\/2021\/08\/featured_image-fraser_valley-chilliwack_tulip_festival-1067x1067-1-4.jpg\",\"datePublished\":\"2020-06-19T22:45:42+00:00\",\"dateModified\":\"2022-03-15T22:54:01+00:00\",\"description\":\"Consultez les nouvelles opportunit\u00e9s d'emploi en \u00e9ducation dans la vall\u00e9e du Fraser, qui offre une combinaison unique de vie \u00e0 la campagne et \u00e0 la ville.\",\"breadcrumb\":{\"@id\":\"https:\/\/makeafuture-fr-dev.majortom.dev\/fr\/enseigner-en-francais-en-c-b\/trouver-un-emploi\/a-propos-vallee-du-fraser\/#breadcrumb\"},\"inLanguage\":\"fr-FR\",\"potentialAction\":[{\"@type\":\"ReadAction\",\"target\":[\"https:\/\/makeafuture-fr-dev.majortom.dev\/fr\/enseigner-en-francais-en-c-b\/trouver-un-emploi\/a-propos-vallee-du-fraser\/\"]}]},{\"@type\":\"ImageObject\",\"inLanguage\":\"fr-FR\",\"@id\":\"https:\/\/makeafuture-fr-dev.majortom.dev\/fr\/enseigner-en-francais-en-c-b\/trouver-un-emploi\/a-propos-vallee-du-fraser\/#primaryimage\",\"url\":\"https:\/\/makeafuture-fr-dev.majortom.dev\/wp-content\/uploads\/2021\/08\/featured_image-fraser_valley-chilliwack_tulip_festival-1067x1067-1-4.jpg\",\"contentUrl\":\"https:\/\/makeafuture-fr-dev.majortom.dev\/wp-content\/uploads\/2021\/08\/featured_image-fraser_valley-chilliwack_tulip_festival-1067x1067-1-4.jpg\",\"width\":1067,\"height\":1067},{\"@type\":\"BreadcrumbList\",\"@id\":\"https:\/\/makeafuture-fr-dev.majortom.dev\/fr\/enseigner-en-francais-en-c-b\/trouver-un-emploi\/a-propos-vallee-du-fraser\/#breadcrumb\",\"itemListElement\":[{\"@type\":\"ListItem\",\"position\":1,\"name\":\"Page d'accueil\",\"item\":\"https:\/\/makeafuture-fr-dev.majortom.dev\/fr\/\"},{\"@type\":\"ListItem\",\"position\":2,\"name\":\"Enseigner en francais en C.-B.\",\"item\":\"https:\/\/makeafuture-fr-dev.majortom.dev\/fr\/enseigner-en-francais-en-c-b\/\"},{\"@type\":\"ListItem\",\"position\":3,\"name\":\"Trouver un emploi\",\"item\":\"https:\/\/makeafuture-fr-dev.majortom.dev\/fr\/enseigner-en-francais-en-c-b\/trouver-un-emploi\/\"},{\"@type\":\"ListItem\",\"position\":4,\"name\":\"Vall\u00e9e du Fraser\"}]},{\"@type\":\"WebSite\",\"@id\":\"https:\/\/makeafuture-fr-dev.majortom.dev\/#website\",\"url\":\"https:\/\/makeafuture-fr-dev.majortom.dev\/\",\"name\":\"Make A Future\",\"description\":\"Careers In BC Education\",\"publisher\":{\"@id\":\"https:\/\/makeafuture-fr-dev.majortom.dev\/#organization\"},\"potentialAction\":[{\"@type\":\"SearchAction\",\"target\":{\"@type\":\"EntryPoint\",\"urlTemplate\":\"https:\/\/makeafuture-fr-dev.majortom.dev\/?s={search_term_string}\"},\"query-input\":{\"@type\":\"PropertyValueSpecification\",\"valueRequired\":true,\"valueName\":\"search_term_string\"}}],\"inLanguage\":\"fr-FR\"},{\"@type\":\"Organization\",\"@id\":\"https:\/\/makeafuture-fr-dev.majortom.dev\/#organization\",\"name\":\"Make a Future - Careers in BC Education\",\"url\":\"https:\/\/makeafuture-fr-dev.majortom.dev\/\",\"logo\":{\"@type\":\"ImageObject\",\"inLanguage\":\"fr-FR\",\"@id\":\"https:\/\/makeafuture-fr-dev.majortom.dev\/#\/schema\/logo\/image\/\",\"url\":\"https:\/\/makeafuture-fr-dev.majortom.dev\/wp-content\/uploads\/2015\/10\/MAF_logo_3col_vert_RGB_web.jpg\",\"contentUrl\":\"https:\/\/makeafuture-fr-dev.majortom.dev\/wp-content\/uploads\/2015\/10\/MAF_logo_3col_vert_RGB_web.jpg\",\"width\":200,\"height\":112,\"caption\":\"Make a Future - Careers in BC Education\"},\"image\":{\"@id\":\"https:\/\/makeafuture-fr-dev.majortom.dev\/#\/schema\/logo\/image\/\"},\"sameAs\":[\"https:\/\/www.facebook.com\/MakeAFuture\/\",\"https:\/\/x.com\/makeafuture\",\"https:\/\/www.linkedin.com\/company\/make-a-future---careers-in-bc-education\"]}]}<\/script>\n<!-- \/ Yoast SEO plugin. -->","yoast_head_json":{"title":"Vall\u00e9e du Fraser - Make A Future","description":"Consultez les nouvelles opportunit\u00e9s d'emploi en \u00e9ducation dans la vall\u00e9e du Fraser, qui offre une combinaison unique de vie \u00e0 la campagne et \u00e0 la ville.","robots":{"index":"noindex","follow":"follow","max-snippet":"max-snippet:-1","max-image-preview":"max-image-preview:large","max-video-preview":"max-video-preview:-1"},"og_locale":"fr_FR","og_type":"article","og_title":"Vall\u00e9e du Fraser - Make A Future","og_description":"Consultez les nouvelles opportunit\u00e9s d'emploi en \u00e9ducation dans la vall\u00e9e du Fraser, qui offre une combinaison unique de vie \u00e0 la campagne et \u00e0 la ville.","og_url":"https:\/\/makeafuture-fr-dev.majortom.dev\/fr\/enseigner-en-francais-en-c-b\/trouver-un-emploi\/a-propos-vallee-du-fraser\/","og_site_name":"Make A Future","article_publisher":"https:\/\/www.facebook.com\/MakeAFuture\/","article_modified_time":"2022-03-15T22:54:01+00:00","og_image":[{"width":1067,"height":1067,"url":"https:\/\/makeafuture-fr-dev.majortom.dev\/wp-content\/uploads\/2021\/08\/featured_image-fraser_valley-chilliwack_tulip_festival-1067x1067-1-4.jpg","type":"image\/jpeg"}],"twitter_card":"summary_large_image","twitter_site":"@makeafuture","twitter_misc":{"Dur\u00e9e de lecture estim\u00e9e":"1 minute"},"schema":{"@context":"https:\/\/schema.org","@graph":[{"@type":"WebPage","@id":"https:\/\/makeafuture-fr-dev.majortom.dev\/fr\/enseigner-en-francais-en-c-b\/trouver-un-emploi\/a-propos-vallee-du-fraser\/","url":"https:\/\/makeafuture-fr-dev.majortom.dev\/fr\/enseigner-en-francais-en-c-b\/trouver-un-emploi\/a-propos-vallee-du-fraser\/","name":"Vall\u00e9e du Fraser - Make A Future","isPartOf":{"@id":"https:\/\/makeafuture-fr-dev.majortom.dev\/#website"},"primaryImageOfPage":{"@id":"https:\/\/makeafuture-fr-dev.majortom.dev\/fr\/enseigner-en-francais-en-c-b\/trouver-un-emploi\/a-propos-vallee-du-fraser\/#primaryimage"},"image":{"@id":"https:\/\/makeafuture-fr-dev.majortom.dev\/fr\/enseigner-en-francais-en-c-b\/trouver-un-emploi\/a-propos-vallee-du-fraser\/#primaryimage"},"thumbnailUrl":"https:\/\/makeafuture-fr-dev.majortom.dev\/wp-content\/uploads\/2021\/08\/featured_image-fraser_valley-chilliwack_tulip_festival-1067x1067-1-4.jpg","datePublished":"2020-06-19T22:45:42+00:00","dateModified":"2022-03-15T22:54:01+00:00","description":"Consultez les nouvelles opportunit\u00e9s d'emploi en \u00e9ducation dans la vall\u00e9e du Fraser, qui offre une combinaison unique de vie \u00e0 la campagne et \u00e0 la ville.","breadcrumb":{"@id":"https:\/\/makeafuture-fr-dev.majortom.dev\/fr\/enseigner-en-francais-en-c-b\/trouver-un-emploi\/a-propos-vallee-du-fraser\/#breadcrumb"},"inLanguage":"fr-FR","potentialAction":[{"@type":"ReadAction","target":["https:\/\/makeafuture-fr-dev.majortom.dev\/fr\/enseigner-en-francais-en-c-b\/trouver-un-emploi\/a-propos-vallee-du-fraser\/"]}]},{"@type":"ImageObject","inLanguage":"fr-FR","@id":"https:\/\/makeafuture-fr-dev.majortom.dev\/fr\/enseigner-en-francais-en-c-b\/trouver-un-emploi\/a-propos-vallee-du-fraser\/#primaryimage","url":"https:\/\/makeafuture-fr-dev.majortom.dev\/wp-content\/uploads\/2021\/08\/featured_image-fraser_valley-chilliwack_tulip_festival-1067x1067-1-4.jpg","contentUrl":"https:\/\/makeafuture-fr-dev.majortom.dev\/wp-content\/uploads\/2021\/08\/featured_image-fraser_valley-chilliwack_tulip_festival-1067x1067-1-4.jpg","width":1067,"height":1067},{"@type":"BreadcrumbList","@id":"https:\/\/makeafuture-fr-dev.majortom.dev\/fr\/enseigner-en-francais-en-c-b\/trouver-un-emploi\/a-propos-vallee-du-fraser\/#breadcrumb","itemListElement":[{"@type":"ListItem","position":1,"name":"Page d'accueil","item":"https:\/\/makeafuture-fr-dev.majortom.dev\/fr\/"},{"@type":"ListItem","position":2,"name":"Enseigner en francais en C.-B.","item":"https:\/\/makeafuture-fr-dev.majortom.dev\/fr\/enseigner-en-francais-en-c-b\/"},{"@type":"ListItem","position":3,"name":"Trouver un emploi","item":"https:\/\/makeafuture-fr-dev.majortom.dev\/fr\/enseigner-en-francais-en-c-b\/trouver-un-emploi\/"},{"@type":"ListItem","position":4,"name":"Vall\u00e9e du Fraser"}]},{"@type":"WebSite","@id":"https:\/\/makeafuture-fr-dev.majortom.dev\/#website","url":"https:\/\/makeafuture-fr-dev.majortom.dev\/","name":"Make A Future","description":"Careers In BC Education","publisher":{"@id":"https:\/\/makeafuture-fr-dev.majortom.dev\/#organization"},"potentialAction":[{"@type":"SearchAction","target":{"@type":"EntryPoint","urlTemplate":"https:\/\/makeafuture-fr-dev.majortom.dev\/?s={search_term_string}"},"query-input":{"@type":"PropertyValueSpecification","valueRequired":true,"valueName":"search_term_string"}}],"inLanguage":"fr-FR"},{"@type":"Organization","@id":"https:\/\/makeafuture-fr-dev.majortom.dev\/#organization","name":"Make a Future - Careers in BC Education","url":"https:\/\/makeafuture-fr-dev.majortom.dev\/","logo":{"@type":"ImageObject","inLanguage":"fr-FR","@id":"https:\/\/makeafuture-fr-dev.majortom.dev\/#\/schema\/logo\/image\/","url":"https:\/\/makeafuture-fr-dev.majortom.dev\/wp-content\/uploads\/2015\/10\/MAF_logo_3col_vert_RGB_web.jpg","contentUrl":"https:\/\/makeafuture-fr-dev.majortom.dev\/wp-content\/uploads\/2015\/10\/MAF_logo_3col_vert_RGB_web.jpg","width":200,"height":112,"caption":"Make a Future - Careers in BC Education"},"image":{"@id":"https:\/\/makeafuture-fr-dev.majortom.dev\/#\/schema\/logo\/image\/"},"sameAs":["https:\/\/www.facebook.com\/MakeAFuture\/","https:\/\/x.com\/makeafuture","https:\/\/www.linkedin.com\/company\/make-a-future---careers-in-bc-education"]}]}},"_links":{"self":[{"href":"https:\/\/makeafuture-fr-dev.majortom.dev\/fr\/wp-json\/wp\/v2\/pages\/20160","targetHints":{"allow":["GET"]}}],"collection":[{"href":"https:\/\/makeafuture-fr-dev.majortom.dev\/fr\/wp-json\/wp\/v2\/pages"}],"about":[{"href":"https:\/\/makeafuture-fr-dev.majortom.dev\/fr\/wp-json\/wp\/v2\/types\/page"}],"author":[{"embeddable":true,"href":"https:\/\/makeafuture-fr-dev.majortom.dev\/fr\/wp-json\/wp\/v2\/users\/2"}],"replies":[{"embeddable":true,"href":"https:\/\/makeafuture-fr-dev.majortom.dev\/fr\/wp-json\/wp\/v2\/comments?post=20160"}],"version-history":[{"count":3,"href":"https:\/\/makeafuture-fr-dev.majortom.dev\/fr\/wp-json\/wp\/v2\/pages\/20160\/revisions"}],"predecessor-version":[{"id":20218,"href":"https:\/\/makeafuture-fr-dev.majortom.dev\/fr\/wp-json\/wp\/v2\/pages\/20160\/revisions\/20218"}],"up":[{"embeddable":true,"href":"https:\/\/makeafuture-fr-dev.majortom.dev\/fr\/wp-json\/wp\/v2\/pages\/20170"}],"wp:featuredmedia":[{"embeddable":true,"href":"https:\/\/makeafuture-fr-dev.majortom.dev\/fr\/wp-json\/wp\/v2\/media\/18661"}],"wp:attachment":[{"href":"https:\/\/makeafuture-fr-dev.majortom.dev\/fr\/wp-json\/wp\/v2\/media?parent=20160"}],"curies":[{"name":"wp","href":"https:\/\/api.w.org\/{rel}","templated":true}]}}