{"id":20159,"date":"2020-06-19T14:46:19","date_gmt":"2020-06-19T22:46:19","guid":{"rendered":"https:\/\/www.makeafuture.ca\/kootenay-overview\/"},"modified":"2023-12-11T16:13:10","modified_gmt":"2023-12-12T00:13:10","slug":"kootenay-overview","status":"publish","type":"page","link":"https:\/\/makeafuture-fr-dev.majortom.dev\/fr\/enseigner-en-francais-en-c-b\/trouver-un-emploi\/kootenay-overview\/","title":{"rendered":"Kootenay"},"content":{"rendered":"<h2>\u00c0 propos<\/h2>\n<p>La r\u00e9gion de Kootenay (ou les Kootenay pour les r\u00e9sidents) est nich\u00e9e dans le sud-est de la province. Deux caract\u00e9ristiques g\u00e9ographiques dominent la r\u00e9gion : les montagnes et l\u2019eau et les deux offrent des paysages spectaculaires ainsi que de nombreuses possibilit\u00e9s d\u2019aventures en plein air. Historiquement, l\u2019exploitation mini\u00e8re a toujours \u00e9t\u00e9 la principale industrie dans les Kootenay. Cependant, l\u2019agriculture et la foresterie sont prosp\u00e8res dans la r\u00e9gion.<\/p>\n","protected":false},"excerpt":{"rendered":"<p>\u00c0 propos La r\u00e9gion de Kootenay (ou les Kootenay pour les r\u00e9sidents) est nich\u00e9e dans le sud-est de la province. Deux caract\u00e9ristiques g\u00e9ographiques dominent la r\u00e9gion : les montagnes et l\u2019eau et les deux offrent des paysages spectaculaires ainsi que de nombreuses possibilit\u00e9s d\u2019aventures en plein air. Historiquement, l\u2019exploitation mini\u00e8re a toujours \u00e9t\u00e9 la principale [&hellip;]<\/p>\n","protected":false},"author":2,"featured_media":18688,"parent":20170,"menu_order":3,"comment_status":"closed","ping_status":"closed","template":"templates\/template-region-detail.php","meta":{"_acf_changed":false,"footnotes":""},"class_list":["post-20159","page","type-page","status-publish","has-post-thumbnail","hentry"],"acf":[],"yoast_head":"<!-- This site is optimized with the Yoast SEO plugin v26.3 - https:\/\/yoast.com\/wordpress\/plugins\/seo\/ -->\n<title>Kootenay - Make A Future<\/title>\n<meta name=\"robots\" content=\"noindex, follow, max-snippet:-1, max-image-preview:large, max-video-preview:-1\" \/>\n<meta property=\"og:locale\" content=\"fr_FR\" \/>\n<meta property=\"og:type\" content=\"article\" \/>\n<meta property=\"og:title\" content=\"Kootenay - Make A Future\" \/>\n<meta property=\"og:description\" content=\"\u00c0 propos La r\u00e9gion de Kootenay (ou les Kootenay pour les r\u00e9sidents) est nich\u00e9e dans le sud-est de la province. Deux caract\u00e9ristiques g\u00e9ographiques dominent la r\u00e9gion : les montagnes et l\u2019eau et les deux offrent des paysages spectaculaires ainsi que de nombreuses possibilit\u00e9s d\u2019aventures en plein air. Historiquement, l\u2019exploitation mini\u00e8re a toujours \u00e9t\u00e9 la principale [&hellip;]\" \/>\n<meta property=\"og:url\" content=\"https:\/\/makeafuture-fr-dev.majortom.dev\/fr\/enseigner-en-francais-en-c-b\/trouver-un-emploi\/kootenay-overview\/\" \/>\n<meta property=\"og:site_name\" content=\"Make A Future\" \/>\n<meta property=\"article:publisher\" content=\"https:\/\/www.facebook.com\/MakeAFuture\/\" \/>\n<meta property=\"article:modified_time\" content=\"2023-12-12T00:13:10+00:00\" \/>\n<meta property=\"og:image\" content=\"https:\/\/makeafuture-fr-dev.majortom.dev\/wp-content\/uploads\/2021\/08\/featured_image-central_bc-Sd57.McBride.Ingrid-16-1080x1080-1-2-e1631665820940.jpg\" \/>\n\t<meta property=\"og:image:width\" content=\"1080\" \/>\n\t<meta property=\"og:image:height\" content=\"1080\" \/>\n\t<meta property=\"og:image:type\" content=\"image\/jpeg\" \/>\n<meta name=\"twitter:card\" content=\"summary_large_image\" \/>\n<meta name=\"twitter:site\" content=\"@makeafuture\" \/>\n<meta name=\"twitter:label1\" content=\"Dur\u00e9e de lecture estim\u00e9e\" \/>\n\t<meta name=\"twitter:data1\" content=\"1 minute\" \/>\n<script type=\"application\/ld+json\" class=\"yoast-schema-graph\">{\"@context\":\"https:\/\/schema.org\",\"@graph\":[{\"@type\":\"WebPage\",\"@id\":\"https:\/\/makeafuture-fr-dev.majortom.dev\/fr\/enseigner-en-francais-en-c-b\/trouver-un-emploi\/kootenay-overview\/\",\"url\":\"https:\/\/makeafuture-fr-dev.majortom.dev\/fr\/enseigner-en-francais-en-c-b\/trouver-un-emploi\/kootenay-overview\/\",\"name\":\"Kootenay - Make A Future\",\"isPartOf\":{\"@id\":\"https:\/\/makeafuture-fr-dev.majortom.dev\/#website\"},\"primaryImageOfPage\":{\"@id\":\"https:\/\/makeafuture-fr-dev.majortom.dev\/fr\/enseigner-en-francais-en-c-b\/trouver-un-emploi\/kootenay-overview\/#primaryimage\"},\"image\":{\"@id\":\"https:\/\/makeafuture-fr-dev.majortom.dev\/fr\/enseigner-en-francais-en-c-b\/trouver-un-emploi\/kootenay-overview\/#primaryimage\"},\"thumbnailUrl\":\"https:\/\/makeafuture-fr-dev.majortom.dev\/wp-content\/uploads\/2021\/08\/featured_image-central_bc-Sd57.McBride.Ingrid-16-1080x1080-1-2-e1631665820940.jpg\",\"datePublished\":\"2020-06-19T22:46:19+00:00\",\"dateModified\":\"2023-12-12T00:13:10+00:00\",\"breadcrumb\":{\"@id\":\"https:\/\/makeafuture-fr-dev.majortom.dev\/fr\/enseigner-en-francais-en-c-b\/trouver-un-emploi\/kootenay-overview\/#breadcrumb\"},\"inLanguage\":\"fr-FR\",\"potentialAction\":[{\"@type\":\"ReadAction\",\"target\":[\"https:\/\/makeafuture-fr-dev.majortom.dev\/fr\/enseigner-en-francais-en-c-b\/trouver-un-emploi\/kootenay-overview\/\"]}]},{\"@type\":\"ImageObject\",\"inLanguage\":\"fr-FR\",\"@id\":\"https:\/\/makeafuture-fr-dev.majortom.dev\/fr\/enseigner-en-francais-en-c-b\/trouver-un-emploi\/kootenay-overview\/#primaryimage\",\"url\":\"https:\/\/makeafuture-fr-dev.majortom.dev\/wp-content\/uploads\/2021\/08\/featured_image-central_bc-Sd57.McBride.Ingrid-16-1080x1080-1-2-e1631665820940.jpg\",\"contentUrl\":\"https:\/\/makeafuture-fr-dev.majortom.dev\/wp-content\/uploads\/2021\/08\/featured_image-central_bc-Sd57.McBride.Ingrid-16-1080x1080-1-2-e1631665820940.jpg\",\"width\":1080,\"height\":1080},{\"@type\":\"BreadcrumbList\",\"@id\":\"https:\/\/makeafuture-fr-dev.majortom.dev\/fr\/enseigner-en-francais-en-c-b\/trouver-un-emploi\/kootenay-overview\/#breadcrumb\",\"itemListElement\":[{\"@type\":\"ListItem\",\"position\":1,\"name\":\"Page d'accueil\",\"item\":\"https:\/\/makeafuture-fr-dev.majortom.dev\/fr\/\"},{\"@type\":\"ListItem\",\"position\":2,\"name\":\"Enseigner en francais en C.-B.\",\"item\":\"https:\/\/makeafuture-fr-dev.majortom.dev\/fr\/enseigner-en-francais-en-c-b\/\"},{\"@type\":\"ListItem\",\"position\":3,\"name\":\"Trouver un emploi\",\"item\":\"https:\/\/makeafuture-fr-dev.majortom.dev\/fr\/enseigner-en-francais-en-c-b\/trouver-un-emploi\/\"},{\"@type\":\"ListItem\",\"position\":4,\"name\":\"Kootenay\"}]},{\"@type\":\"WebSite\",\"@id\":\"https:\/\/makeafuture-fr-dev.majortom.dev\/#website\",\"url\":\"https:\/\/makeafuture-fr-dev.majortom.dev\/\",\"name\":\"Make A Future\",\"description\":\"Careers In BC Education\",\"publisher\":{\"@id\":\"https:\/\/makeafuture-fr-dev.majortom.dev\/#organization\"},\"potentialAction\":[{\"@type\":\"SearchAction\",\"target\":{\"@type\":\"EntryPoint\",\"urlTemplate\":\"https:\/\/makeafuture-fr-dev.majortom.dev\/?s={search_term_string}\"},\"query-input\":{\"@type\":\"PropertyValueSpecification\",\"valueRequired\":true,\"valueName\":\"search_term_string\"}}],\"inLanguage\":\"fr-FR\"},{\"@type\":\"Organization\",\"@id\":\"https:\/\/makeafuture-fr-dev.majortom.dev\/#organization\",\"name\":\"Make a Future - Careers in BC Education\",\"url\":\"https:\/\/makeafuture-fr-dev.majortom.dev\/\",\"logo\":{\"@type\":\"ImageObject\",\"inLanguage\":\"fr-FR\",\"@id\":\"https:\/\/makeafuture-fr-dev.majortom.dev\/#\/schema\/logo\/image\/\",\"url\":\"https:\/\/makeafuture-fr-dev.majortom.dev\/wp-content\/uploads\/2015\/10\/MAF_logo_3col_vert_RGB_web.jpg\",\"contentUrl\":\"https:\/\/makeafuture-fr-dev.majortom.dev\/wp-content\/uploads\/2015\/10\/MAF_logo_3col_vert_RGB_web.jpg\",\"width\":200,\"height\":112,\"caption\":\"Make a Future - Careers in BC Education\"},\"image\":{\"@id\":\"https:\/\/makeafuture-fr-dev.majortom.dev\/#\/schema\/logo\/image\/\"},\"sameAs\":[\"https:\/\/www.facebook.com\/MakeAFuture\/\",\"https:\/\/x.com\/makeafuture\",\"https:\/\/www.linkedin.com\/company\/make-a-future---careers-in-bc-education\"]}]}<\/script>\n<!-- \/ Yoast SEO plugin. -->","yoast_head_json":{"title":"Kootenay - Make A Future","robots":{"index":"noindex","follow":"follow","max-snippet":"max-snippet:-1","max-image-preview":"max-image-preview:large","max-video-preview":"max-video-preview:-1"},"og_locale":"fr_FR","og_type":"article","og_title":"Kootenay - Make A Future","og_description":"\u00c0 propos La r\u00e9gion de Kootenay (ou les Kootenay pour les r\u00e9sidents) est nich\u00e9e dans le sud-est de la province. Deux caract\u00e9ristiques g\u00e9ographiques dominent la r\u00e9gion : les montagnes et l\u2019eau et les deux offrent des paysages spectaculaires ainsi que de nombreuses possibilit\u00e9s d\u2019aventures en plein air. Historiquement, l\u2019exploitation mini\u00e8re a toujours \u00e9t\u00e9 la principale [&hellip;]","og_url":"https:\/\/makeafuture-fr-dev.majortom.dev\/fr\/enseigner-en-francais-en-c-b\/trouver-un-emploi\/kootenay-overview\/","og_site_name":"Make A Future","article_publisher":"https:\/\/www.facebook.com\/MakeAFuture\/","article_modified_time":"2023-12-12T00:13:10+00:00","og_image":[{"width":1080,"height":1080,"url":"https:\/\/makeafuture-fr-dev.majortom.dev\/wp-content\/uploads\/2021\/08\/featured_image-central_bc-Sd57.McBride.Ingrid-16-1080x1080-1-2-e1631665820940.jpg","type":"image\/jpeg"}],"twitter_card":"summary_large_image","twitter_site":"@makeafuture","twitter_misc":{"Dur\u00e9e de lecture estim\u00e9e":"1 minute"},"schema":{"@context":"https:\/\/schema.org","@graph":[{"@type":"WebPage","@id":"https:\/\/makeafuture-fr-dev.majortom.dev\/fr\/enseigner-en-francais-en-c-b\/trouver-un-emploi\/kootenay-overview\/","url":"https:\/\/makeafuture-fr-dev.majortom.dev\/fr\/enseigner-en-francais-en-c-b\/trouver-un-emploi\/kootenay-overview\/","name":"Kootenay - Make A Future","isPartOf":{"@id":"https:\/\/makeafuture-fr-dev.majortom.dev\/#website"},"primaryImageOfPage":{"@id":"https:\/\/makeafuture-fr-dev.majortom.dev\/fr\/enseigner-en-francais-en-c-b\/trouver-un-emploi\/kootenay-overview\/#primaryimage"},"image":{"@id":"https:\/\/makeafuture-fr-dev.majortom.dev\/fr\/enseigner-en-francais-en-c-b\/trouver-un-emploi\/kootenay-overview\/#primaryimage"},"thumbnailUrl":"https:\/\/makeafuture-fr-dev.majortom.dev\/wp-content\/uploads\/2021\/08\/featured_image-central_bc-Sd57.McBride.Ingrid-16-1080x1080-1-2-e1631665820940.jpg","datePublished":"2020-06-19T22:46:19+00:00","dateModified":"2023-12-12T00:13:10+00:00","breadcrumb":{"@id":"https:\/\/makeafuture-fr-dev.majortom.dev\/fr\/enseigner-en-francais-en-c-b\/trouver-un-emploi\/kootenay-overview\/#breadcrumb"},"inLanguage":"fr-FR","potentialAction":[{"@type":"ReadAction","target":["https:\/\/makeafuture-fr-dev.majortom.dev\/fr\/enseigner-en-francais-en-c-b\/trouver-un-emploi\/kootenay-overview\/"]}]},{"@type":"ImageObject","inLanguage":"fr-FR","@id":"https:\/\/makeafuture-fr-dev.majortom.dev\/fr\/enseigner-en-francais-en-c-b\/trouver-un-emploi\/kootenay-overview\/#primaryimage","url":"https:\/\/makeafuture-fr-dev.majortom.dev\/wp-content\/uploads\/2021\/08\/featured_image-central_bc-Sd57.McBride.Ingrid-16-1080x1080-1-2-e1631665820940.jpg","contentUrl":"https:\/\/makeafuture-fr-dev.majortom.dev\/wp-content\/uploads\/2021\/08\/featured_image-central_bc-Sd57.McBride.Ingrid-16-1080x1080-1-2-e1631665820940.jpg","width":1080,"height":1080},{"@type":"BreadcrumbList","@id":"https:\/\/makeafuture-fr-dev.majortom.dev\/fr\/enseigner-en-francais-en-c-b\/trouver-un-emploi\/kootenay-overview\/#breadcrumb","itemListElement":[{"@type":"ListItem","position":1,"name":"Page d'accueil","item":"https:\/\/makeafuture-fr-dev.majortom.dev\/fr\/"},{"@type":"ListItem","position":2,"name":"Enseigner en francais en C.-B.","item":"https:\/\/makeafuture-fr-dev.majortom.dev\/fr\/enseigner-en-francais-en-c-b\/"},{"@type":"ListItem","position":3,"name":"Trouver un emploi","item":"https:\/\/makeafuture-fr-dev.majortom.dev\/fr\/enseigner-en-francais-en-c-b\/trouver-un-emploi\/"},{"@type":"ListItem","position":4,"name":"Kootenay"}]},{"@type":"WebSite","@id":"https:\/\/makeafuture-fr-dev.majortom.dev\/#website","url":"https:\/\/makeafuture-fr-dev.majortom.dev\/","name":"Make A Future","description":"Careers In BC Education","publisher":{"@id":"https:\/\/makeafuture-fr-dev.majortom.dev\/#organization"},"potentialAction":[{"@type":"SearchAction","target":{"@type":"EntryPoint","urlTemplate":"https:\/\/makeafuture-fr-dev.majortom.dev\/?s={search_term_string}"},"query-input":{"@type":"PropertyValueSpecification","valueRequired":true,"valueName":"search_term_string"}}],"inLanguage":"fr-FR"},{"@type":"Organization","@id":"https:\/\/makeafuture-fr-dev.majortom.dev\/#organization","name":"Make a Future - Careers in BC Education","url":"https:\/\/makeafuture-fr-dev.majortom.dev\/","logo":{"@type":"ImageObject","inLanguage":"fr-FR","@id":"https:\/\/makeafuture-fr-dev.majortom.dev\/#\/schema\/logo\/image\/","url":"https:\/\/makeafuture-fr-dev.majortom.dev\/wp-content\/uploads\/2015\/10\/MAF_logo_3col_vert_RGB_web.jpg","contentUrl":"https:\/\/makeafuture-fr-dev.majortom.dev\/wp-content\/uploads\/2015\/10\/MAF_logo_3col_vert_RGB_web.jpg","width":200,"height":112,"caption":"Make a Future - Careers in BC Education"},"image":{"@id":"https:\/\/makeafuture-fr-dev.majortom.dev\/#\/schema\/logo\/image\/"},"sameAs":["https:\/\/www.facebook.com\/MakeAFuture\/","https:\/\/x.com\/makeafuture","https:\/\/www.linkedin.com\/company\/make-a-future---careers-in-bc-education"]}]}},"_links":{"self":[{"href":"https:\/\/makeafuture-fr-dev.majortom.dev\/fr\/wp-json\/wp\/v2\/pages\/20159","targetHints":{"allow":["GET"]}}],"collection":[{"href":"https:\/\/makeafuture-fr-dev.majortom.dev\/fr\/wp-json\/wp\/v2\/pages"}],"about":[{"href":"https:\/\/makeafuture-fr-dev.majortom.dev\/fr\/wp-json\/wp\/v2\/types\/page"}],"author":[{"embeddable":true,"href":"https:\/\/makeafuture-fr-dev.majortom.dev\/fr\/wp-json\/wp\/v2\/users\/2"}],"replies":[{"embeddable":true,"href":"https:\/\/makeafuture-fr-dev.majortom.dev\/fr\/wp-json\/wp\/v2\/comments?post=20159"}],"version-history":[{"count":4,"href":"https:\/\/makeafuture-fr-dev.majortom.dev\/fr\/wp-json\/wp\/v2\/pages\/20159\/revisions"}],"predecessor-version":[{"id":23650,"href":"https:\/\/makeafuture-fr-dev.majortom.dev\/fr\/wp-json\/wp\/v2\/pages\/20159\/revisions\/23650"}],"up":[{"embeddable":true,"href":"https:\/\/makeafuture-fr-dev.majortom.dev\/fr\/wp-json\/wp\/v2\/pages\/20170"}],"wp:featuredmedia":[{"embeddable":true,"href":"https:\/\/makeafuture-fr-dev.majortom.dev\/fr\/wp-json\/wp\/v2\/media\/18688"}],"wp:attachment":[{"href":"https:\/\/makeafuture-fr-dev.majortom.dev\/fr\/wp-json\/wp\/v2\/media?parent=20159"}],"curies":[{"name":"wp","href":"https:\/\/api.w.org\/{rel}","templated":true}]}}